{"id":666,"date":"2016-12-12T14:00:21","date_gmt":"2016-12-12T13:00:21","guid":{"rendered":"https:\/\/lasainte.nl\/de-gite\/"},"modified":"2025-07-07T14:24:41","modified_gmt":"2025-07-07T13:24:41","slug":"location-vacances-lot","status":"publish","type":"page","link":"https:\/\/lasainte.nl\/fr\/location-vacances-lot\/","title":{"rendered":"G\u00eete La Sentinelle"},"content":{"rendered":"<p>G\u00eete La Sentinelle est une maison agr\u00e9able avec des \u00e9l\u00e9ments authentiques. La grange ancienne, enti\u00e8rement reconstruite est en pierres ocres qui sont tr\u00e8s caract\u00e9ristique pour cette r\u00e9gion. Le g\u00eete est pour 5 personnes.<\/p>\n<p><img loading=\"lazy\" decoding=\"async\" class=\"size-full wp-image-316 alignright\" src=\"https:\/\/lasainte.nl\/wp-content\/uploads\/2016\/12\/gitemanoirroodschaduw.png\" alt=\"gitemanoirroodschaduw\" width=\"280\" height=\"197\" srcset=\"https:\/\/lasainte.nl\/wp-content\/uploads\/2016\/12\/gitemanoirroodschaduw.png 280w, https:\/\/lasainte.nl\/wp-content\/uploads\/2016\/12\/gitemanoirroodschaduw-45x32.png 45w, https:\/\/lasainte.nl\/wp-content\/uploads\/2016\/12\/gitemanoirroodschaduw-142x100.png 142w\" sizes=\"auto, (max-width: 280px) 100vw, 280px\" \/><\/p>\n<p>Aux deux c\u00f4t\u00e9s du g\u00eete vous trouvez des si\u00e8ges avec une table et un banc en pierre. Devant la maison il y a votre terrasse couverte.  De la maison votre vue donne sur la cour avec son vieux puit sec.<\/p>\n<p>Au RDC le g\u00eete a une salle de s\u00e9jour confortable avec de nombreux si\u00e8ges, po\u00eale \u00e0 bois et une TV, un lecteur de DVD\/CD et une radio. La cuisine ouverte a entre autres une cuisini\u00e8re \u00e0 quatre feux, un grand frigo avec un cong\u00e9lateur s\u00e9par\u00e9, une lave-vaisselle, une cafeti\u00e8re, une bouilloire d&rsquo;eau et un micro-ondes. IL y a aussi un barbecue.<\/p>\n<p>Il y a des jeux pour toute la famille, petits et grands.<\/p>\n<p>\u00c0 l&rsquo;\u00e9tage vous  trouvez deux jolies chambres, chacune avec sa propre salle de bains (douche, lavabo, WC). Au RDC se trouve aussi une salle d&rsquo;eau (douche, lavabo, WC).<br \/>\nIl est interdit de fumer dans la maison.<\/p>\n<p>Il y a des lits b\u00e9b\u00e9 et chaises b\u00e9b\u00e9 et ils sont disponible sur demande (gratuit). Vous pouvez utiliser notre machine \u00e0 laver, la s\u00e8che-linge et le fer \u00e0 repasser.<\/p>\n<p><img loading=\"lazy\" decoding=\"async\" class=\"alignright size-full wp-image-317\" src=\"https:\/\/lasainte.nl\/wp-content\/uploads\/2016\/12\/zwembad.png\" alt=\"zwembad\" width=\"280\" height=\"218\" srcset=\"https:\/\/lasainte.nl\/wp-content\/uploads\/2016\/12\/zwembad.png 280w, https:\/\/lasainte.nl\/wp-content\/uploads\/2016\/12\/zwembad-45x35.png 45w, https:\/\/lasainte.nl\/wp-content\/uploads\/2016\/12\/zwembad-128x100.png 128w\" sizes=\"auto, (max-width: 280px) 100vw, 280px\" \/><\/p>\n<p>La piscine ensoleill\u00e9e (12&#215;6 m\u00e8tre) offre beaucoup de plaisir pour les petits et les grands. Si vous voulez nager ou chercher la fra\u00eecheur en \u00e9t\u00e9, la piscine est un endroit parfait pour passer du temps.  La terrasse autour de la piscine offre des lits de soleil et des parasols. Nous, on se baigne de temps en temps aussi.<\/p>\n<p>Le jardin est une grande pelouse \u00e0  diff\u00e9rents niveaux et il y a beaucoup d\u2019espace pour jouer. Une table de ping-pong est \u00e9galement fournie.<\/p>\n<p>Sur le parking vous pouvez recharger (payant) votre voiture \u00e9lectrique pendant la nuit \u00e0 notre borne de recharge (3,7 kW).<\/p>\n<p>Le g\u00eete n&rsquo;est pas adapt\u00e9e aux personnes \u00e0 mobilt\u00e9 r\u00e9duite.<\/p>\n","protected":false},"excerpt":{"rendered":"<p>G\u00eete La Sentinelle est une maison agr\u00e9able avec des \u00e9l\u00e9ments authentiques. La grange ancienne, enti\u00e8rement reconstruite est en pierres ocres qui sont tr\u00e8s caract\u00e9ristique pour cette r\u00e9gion. Le g\u00eete est pour 5 personnes. Aux deux c\u00f4t\u00e9s du g\u00eete vous trouvez des si\u00e8ges avec une table et un banc en pierre. Devant la maison il y [&hellip;] <a href=\"https:\/\/lasainte.nl\/fr\/location-vacances-lot\/\" class=\"page_readmore\">Lees verder&nbsp;&raquo;<\/a><\/p>\n","protected":false},"author":1,"featured_media":0,"parent":0,"menu_order":1,"comment_status":"closed","ping_status":"closed","template":"","meta":{"slim_seo":{"title":"G\u00eete La Sentinelle - La Sainte","description":"G\u00eete La Sentinelle est une maison agr\u00e9able avec des \u00e9l\u00e9ments authentiques. La grange ancienne, enti\u00e8rement reconstruite est en pierres ocres qui sont tr\u00e8s carac"},"footnotes":""},"class_list":["post-666","page","type-page","status-publish","hentry"],"yoast_head":"<!-- This site is optimized with the Yoast SEO plugin v20.5 - https:\/\/yoast.com\/wordpress\/plugins\/seo\/ -->\n<title>G\u00eete La Sentinelle - La Sainte<\/title>\n<meta name=\"robots\" content=\"index, follow, max-snippet:-1, max-image-preview:large, max-video-preview:-1\" \/>\n<link rel=\"canonical\" href=\"https:\/\/lasainte.nl\/fr\/location-vacances-lot\/\" \/>\n<meta property=\"og:locale\" content=\"fr_FR\" \/>\n<meta property=\"og:type\" content=\"article\" \/>\n<meta property=\"og:title\" content=\"G\u00eete La Sentinelle - La Sainte\" \/>\n<meta property=\"og:description\" content=\"G\u00eete La Sentinelle est une maison agr\u00e9able avec des \u00e9l\u00e9ments authentiques. La grange ancienne, enti\u00e8rement reconstruite est en pierres ocres qui sont tr\u00e8s caract\u00e9ristique pour cette r\u00e9gion. Le g\u00eete est pour 5 personnes. Aux deux c\u00f4t\u00e9s du g\u00eete vous trouvez des si\u00e8ges avec une table et un banc en pierre. Devant la maison il y [&hellip;]\" \/>\n<meta property=\"og:url\" content=\"https:\/\/lasainte.nl\/fr\/location-vacances-lot\/\" \/>\n<meta property=\"og:site_name\" content=\"La Sainte\" \/>\n<meta property=\"article:modified_time\" content=\"2025-07-07T13:24:41+00:00\" \/>\n<meta property=\"og:image\" content=\"https:\/\/lasainte.nl\/wp-content\/uploads\/2016\/12\/gitemanoirroodschaduw.png\" \/>\n<meta name=\"twitter:label1\" content=\"Dur\u00e9e de lecture estim\u00e9e\" \/>\n\t<meta name=\"twitter:data1\" content=\"3 minutes\" \/>\n<script type=\"application\/ld+json\" class=\"yoast-schema-graph\">{\"@context\":\"https:\/\/schema.org\",\"@graph\":[{\"@type\":\"WebPage\",\"@id\":\"https:\/\/lasainte.nl\/fr\/wp-json\/wp\/v2\/pages\/666\/#webpage\",\"url\":\"https:\/\/lasainte.nl\/fr\/wp-json\/wp\/v2\/pages\/666\/\",\"name\":\"La Sainte\",\"isPartOf\":{\"@id\":\"https:\/\/lasainte.nl\/fr\/#website\"},\"datePublished\":\"2016-12-12T13:00:21+00:00\",\"dateModified\":\"2025-07-07T13:24:41+00:00\",\"breadcrumb\":{\"@id\":\"https:\/\/lasainte.nl\/fr\/wp-json\/wp\/v2\/pages\/666\/#breadcrumblist\"},\"inLanguage\":\"fr_FR\",\"potentialAction\":[{\"@type\":\"ReadAction\",\"target\":[\"https:\/\/lasainte.nl\/fr\/location-vacances-lot\/\"]}],\"publisher\":{\"@id\":\"https:\/\/lasainte.nl\/fr\/#organization\"}},{\"@type\":\"BreadcrumbList\",\"@id\":\"https:\/\/lasainte.nl\/fr\/wp-json\/wp\/v2\/pages\/666\/#breadcrumblist\",\"itemListElement\":[{\"@type\":\"ListItem\",\"position\":\"1\",\"name\":\"Accueil\",\"item\":\"https:\/\/lasainte.nl\/fr\/\"},{\"@type\":\"ListItem\",\"position\":2,\"name\":\"G\u00eete La Sentinelle\"}],\"name\":\"Breadcrumbs\"},{\"@type\":\"WebSite\",\"@id\":\"https:\/\/lasainte.nl\/fr\/#website\",\"url\":\"https:\/\/lasainte.nl\/fr\/\",\"name\":\"La Sainte\",\"description\":\"\",\"potentialAction\":{\"@id\":\"https:\/\/lasainte.nl\/fr\/#searchaction\"},\"inLanguage\":\"fr-FR\",\"publisher\":{\"@id\":\"https:\/\/lasainte.nl\/fr\/#organization\"}},{\"@type\":\"SearchAction\",\"@id\":\"https:\/\/lasainte.nl\/fr\/#searchaction\",\"target\":\"https:\/\/lasainte.nl\/?s={search_term_string}\",\"query-input\":\"required name=search_term_string\"},{\"@type\":\"Organization\",\"@id\":\"https:\/\/lasainte.nl\/fr\/#organization\",\"name\":\"La Sainte\",\"url\":\"https:\/\/lasainte.nl\/fr\/\"}]}<\/script>\n<!-- \/ Yoast SEO plugin. -->","yoast_head_json":{"title":"G\u00eete La Sentinelle - La Sainte","robots":{"index":"index","follow":"follow","max-snippet":"max-snippet:-1","max-image-preview":"max-image-preview:large","max-video-preview":"max-video-preview:-1"},"canonical":"https:\/\/lasainte.nl\/fr\/location-vacances-lot\/","og_locale":"fr_FR","og_type":"article","og_title":"G\u00eete La Sentinelle - La Sainte","og_description":"G\u00eete La Sentinelle est une maison agr\u00e9able avec des \u00e9l\u00e9ments authentiques. La grange ancienne, enti\u00e8rement reconstruite est en pierres ocres qui sont tr\u00e8s caract\u00e9ristique pour cette r\u00e9gion. Le g\u00eete est pour 5 personnes. Aux deux c\u00f4t\u00e9s du g\u00eete vous trouvez des si\u00e8ges avec une table et un banc en pierre. Devant la maison il y [&hellip;]","og_url":"https:\/\/lasainte.nl\/fr\/location-vacances-lot\/","og_site_name":"La Sainte","article_modified_time":"2025-07-07T13:24:41+00:00","og_image":[{"url":"https:\/\/lasainte.nl\/wp-content\/uploads\/2016\/12\/gitemanoirroodschaduw.png"}],"twitter_misc":{"Dur\u00e9e de lecture estim\u00e9e":"3 minutes"},"schema":{"@context":"https:\/\/schema.org","@graph":[{"@type":"WebPage","@id":"https:\/\/lasainte.nl\/fr\/wp-json\/wp\/v2\/pages\/666\/#webpage","url":"https:\/\/lasainte.nl\/fr\/wp-json\/wp\/v2\/pages\/666\/","name":"La Sainte","isPartOf":{"@id":"https:\/\/lasainte.nl\/fr\/#website"},"datePublished":"2016-12-12T13:00:21+00:00","dateModified":"2025-07-07T13:24:41+00:00","breadcrumb":{"@id":"https:\/\/lasainte.nl\/fr\/wp-json\/wp\/v2\/pages\/666\/#breadcrumblist"},"inLanguage":"fr_FR","potentialAction":[{"@type":"ReadAction","target":["https:\/\/lasainte.nl\/fr\/location-vacances-lot\/"]}],"publisher":{"@id":"https:\/\/lasainte.nl\/fr\/#organization"}},{"@type":"BreadcrumbList","@id":"https:\/\/lasainte.nl\/fr\/wp-json\/wp\/v2\/pages\/666\/#breadcrumblist","itemListElement":[{"@type":"ListItem","position":"1","name":"Accueil","item":"https:\/\/lasainte.nl\/fr\/"},{"@type":"ListItem","position":2,"name":"G\u00eete La Sentinelle"}],"name":"Breadcrumbs"},{"@type":"WebSite","@id":"https:\/\/lasainte.nl\/fr\/#website","url":"https:\/\/lasainte.nl\/fr\/","name":"La Sainte","description":"","potentialAction":{"@id":"https:\/\/lasainte.nl\/fr\/#searchaction"},"inLanguage":"fr-FR","publisher":{"@id":"https:\/\/lasainte.nl\/fr\/#organization"}},{"@type":"SearchAction","@id":"https:\/\/lasainte.nl\/fr\/#searchaction","target":"https:\/\/lasainte.nl\/?s={search_term_string}","query-input":"required name=search_term_string"},{"@type":"Organization","@id":"https:\/\/lasainte.nl\/fr\/#organization","name":"La Sainte","url":"https:\/\/lasainte.nl\/fr\/"}]}},"_links":{"self":[{"href":"https:\/\/lasainte.nl\/fr\/wp-json\/wp\/v2\/pages\/666","targetHints":{"allow":["GET"]}}],"collection":[{"href":"https:\/\/lasainte.nl\/fr\/wp-json\/wp\/v2\/pages"}],"about":[{"href":"https:\/\/lasainte.nl\/fr\/wp-json\/wp\/v2\/types\/page"}],"author":[{"embeddable":true,"href":"https:\/\/lasainte.nl\/fr\/wp-json\/wp\/v2\/users\/1"}],"replies":[{"embeddable":true,"href":"https:\/\/lasainte.nl\/fr\/wp-json\/wp\/v2\/comments?post=666"}],"version-history":[{"count":9,"href":"https:\/\/lasainte.nl\/fr\/wp-json\/wp\/v2\/pages\/666\/revisions"}],"predecessor-version":[{"id":1876,"href":"https:\/\/lasainte.nl\/fr\/wp-json\/wp\/v2\/pages\/666\/revisions\/1876"}],"wp:attachment":[{"href":"https:\/\/lasainte.nl\/fr\/wp-json\/wp\/v2\/media?parent=666"}],"curies":[{"name":"wp","href":"https:\/\/api.w.org\/{rel}","templated":true}]}}