{"id":655,"date":"2016-12-12T14:00:22","date_gmt":"2016-12-12T13:00:22","guid":{"rendered":"https:\/\/lasainte.nl\/route\/"},"modified":"2024-08-21T15:01:49","modified_gmt":"2024-08-21T14:01:49","slug":"acces-au-gite","status":"publish","type":"page","link":"https:\/\/lasainte.nl\/fr\/acces-au-gite\/","title":{"rendered":"Acc\u00e8s au g\u00eete"},"content":{"rendered":"<p><img loading=\"lazy\" decoding=\"async\" class=\"size-full wp-image-380 aligncenter\" src=\"https:\/\/lasainte.nl\/wp-content\/uploads\/2016\/12\/route1.jpg\" alt=\"route1\" width=\"162\" height=\"50\" srcset=\"https:\/\/lasainte.nl\/wp-content\/uploads\/2016\/12\/route1.jpg 162w, https:\/\/lasainte.nl\/wp-content\/uploads\/2016\/12\/route1-45x14.jpg 45w, https:\/\/lasainte.nl\/wp-content\/uploads\/2016\/12\/route1-150x46.jpg 150w\" sizes=\"auto, (max-width: 162px) 100vw, 162px\" \/><\/p>\n<p>Vous trouvez Frayssinet-le-G\u00e9lat \u00e0 ca. 30 km nord-ouest de Cahors.<\/p>\n<p>Pour nous trouver:<\/p>\n<p>En arrivant au village suivez la navigation de la voiture et surtout PAS Google Maps! L\u00e0 il ne s&rsquo;affiche pas correctement malheureusement.<\/p>\n<p><img loading=\"lazy\" decoding=\"async\" class=\"fullsize aligncenter wp-image-751 size-full\" src=\"https:\/\/lasainte.nl\/wp-content\/uploads\/2016\/12\/route.jpg\" width=\"518\" height=\"519\" srcset=\"https:\/\/lasainte.nl\/wp-content\/uploads\/2016\/12\/route.jpg 518w, https:\/\/lasainte.nl\/wp-content\/uploads\/2016\/12\/route-150x150.jpg 150w, https:\/\/lasainte.nl\/wp-content\/uploads\/2016\/12\/route-300x300.jpg 300w, https:\/\/lasainte.nl\/wp-content\/uploads\/2016\/12\/route-45x45.jpg 45w, https:\/\/lasainte.nl\/wp-content\/uploads\/2016\/12\/route-100x100.jpg 100w\" sizes=\"auto, (max-width: 518px) 100vw, 518px\" \/><\/p>\n","protected":false},"excerpt":{"rendered":"<p>Vous trouvez Frayssinet-le-G\u00e9lat \u00e0 ca. 30 km nord-ouest de Cahors. Pour nous trouver: En arrivant au village suivez la navigation de la voiture et surtout PAS Google Maps! L\u00e0 il ne s&rsquo;affiche pas correctement malheureusement. <a href=\"https:\/\/lasainte.nl\/fr\/acces-au-gite\/\" class=\"page_readmore\">Lees verder&nbsp;&raquo;<\/a><\/p>\n","protected":false},"author":1,"featured_media":0,"parent":0,"menu_order":5,"comment_status":"closed","ping_status":"closed","template":"","meta":{"slim_seo":{"title":"Acc\u00e8s au g\u00eete - La Sainte","description":"Vous trouvez Frayssinet-le-G\u00e9lat \u00e0 ca. 30 km nord-ouest de Cahors. Pour nous trouver: En arrivant au village suivez la navigation de la voiture et surtout PAS G"},"footnotes":""},"class_list":["post-655","page","type-page","status-publish","hentry"],"yoast_head":"<!-- This site is optimized with the Yoast SEO plugin v20.5 - https:\/\/yoast.com\/wordpress\/plugins\/seo\/ -->\n<title>Acc\u00e8s au g\u00eete - La Sainte<\/title>\n<meta name=\"robots\" content=\"index, follow, max-snippet:-1, max-image-preview:large, max-video-preview:-1\" \/>\n<link rel=\"canonical\" href=\"https:\/\/lasainte.nl\/fr\/acces-au-gite\/\" \/>\n<meta property=\"og:locale\" content=\"fr_FR\" \/>\n<meta property=\"og:type\" content=\"article\" \/>\n<meta property=\"og:title\" content=\"Acc\u00e8s au g\u00eete - La Sainte\" \/>\n<meta property=\"og:description\" content=\"Vous trouvez Frayssinet-le-G\u00e9lat \u00e0 ca. 30 km nord-ouest de Cahors. Pour nous trouver: En arrivant au village suivez la navigation de la voiture et surtout PAS Google Maps! L\u00e0 il ne s&rsquo;affiche pas correctement malheureusement.\" \/>\n<meta property=\"og:url\" content=\"https:\/\/lasainte.nl\/fr\/acces-au-gite\/\" \/>\n<meta property=\"og:site_name\" content=\"La Sainte\" \/>\n<meta property=\"article:modified_time\" content=\"2024-08-21T14:01:49+00:00\" \/>\n<meta property=\"og:image\" content=\"https:\/\/lasainte.nl\/wp-content\/uploads\/2016\/12\/route1.jpg\" \/>\n<meta name=\"twitter:label1\" content=\"Dur\u00e9e de lecture estim\u00e9e\" \/>\n\t<meta name=\"twitter:data1\" content=\"1 minute\" \/>\n<script type=\"application\/ld+json\" class=\"yoast-schema-graph\">{\"@context\":\"https:\/\/schema.org\",\"@graph\":[{\"@type\":\"WebPage\",\"@id\":\"https:\/\/lasainte.nl\/fr\/wp-json\/wp\/v2\/pages\/655\/#webpage\",\"url\":\"https:\/\/lasainte.nl\/fr\/wp-json\/wp\/v2\/pages\/655\/\",\"name\":\"La Sainte\",\"isPartOf\":{\"@id\":\"https:\/\/lasainte.nl\/fr\/#website\"},\"datePublished\":\"2016-12-12T13:00:22+00:00\",\"dateModified\":\"2024-08-21T14:01:49+00:00\",\"breadcrumb\":{\"@id\":\"https:\/\/lasainte.nl\/fr\/wp-json\/wp\/v2\/pages\/655\/#breadcrumblist\"},\"inLanguage\":\"fr_FR\",\"potentialAction\":[{\"@type\":\"ReadAction\",\"target\":[\"https:\/\/lasainte.nl\/fr\/acces-au-gite\/\"]}],\"publisher\":{\"@id\":\"https:\/\/lasainte.nl\/fr\/#organization\"}},{\"@type\":\"BreadcrumbList\",\"@id\":\"https:\/\/lasainte.nl\/fr\/wp-json\/wp\/v2\/pages\/655\/#breadcrumblist\",\"itemListElement\":[{\"@type\":\"ListItem\",\"position\":\"1\",\"name\":\"Accueil\",\"item\":\"https:\/\/lasainte.nl\/fr\/\"},{\"@type\":\"ListItem\",\"position\":2,\"name\":\"Acc\u00e8s au g\u00eete\"}],\"name\":\"Breadcrumbs\"},{\"@type\":\"WebSite\",\"@id\":\"https:\/\/lasainte.nl\/fr\/#website\",\"url\":\"https:\/\/lasainte.nl\/fr\/\",\"name\":\"La Sainte\",\"description\":\"\",\"potentialAction\":{\"@id\":\"https:\/\/lasainte.nl\/fr\/#searchaction\"},\"inLanguage\":\"fr-FR\",\"publisher\":{\"@id\":\"https:\/\/lasainte.nl\/fr\/#organization\"}},{\"@type\":\"SearchAction\",\"@id\":\"https:\/\/lasainte.nl\/fr\/#searchaction\",\"target\":\"https:\/\/lasainte.nl\/?s={search_term_string}\",\"query-input\":\"required name=search_term_string\"},{\"@type\":\"Organization\",\"@id\":\"https:\/\/lasainte.nl\/fr\/#organization\",\"name\":\"La Sainte\",\"url\":\"https:\/\/lasainte.nl\/fr\/\"}]}<\/script>\n<!-- \/ Yoast SEO plugin. -->","yoast_head_json":{"title":"Acc\u00e8s au g\u00eete - La Sainte","robots":{"index":"index","follow":"follow","max-snippet":"max-snippet:-1","max-image-preview":"max-image-preview:large","max-video-preview":"max-video-preview:-1"},"canonical":"https:\/\/lasainte.nl\/fr\/acces-au-gite\/","og_locale":"fr_FR","og_type":"article","og_title":"Acc\u00e8s au g\u00eete - La Sainte","og_description":"Vous trouvez Frayssinet-le-G\u00e9lat \u00e0 ca. 30 km nord-ouest de Cahors. Pour nous trouver: En arrivant au village suivez la navigation de la voiture et surtout PAS Google Maps! L\u00e0 il ne s&rsquo;affiche pas correctement malheureusement.","og_url":"https:\/\/lasainte.nl\/fr\/acces-au-gite\/","og_site_name":"La Sainte","article_modified_time":"2024-08-21T14:01:49+00:00","og_image":[{"url":"https:\/\/lasainte.nl\/wp-content\/uploads\/2016\/12\/route1.jpg"}],"twitter_misc":{"Dur\u00e9e de lecture estim\u00e9e":"1 minute"},"schema":{"@context":"https:\/\/schema.org","@graph":[{"@type":"WebPage","@id":"https:\/\/lasainte.nl\/fr\/wp-json\/wp\/v2\/pages\/655\/#webpage","url":"https:\/\/lasainte.nl\/fr\/wp-json\/wp\/v2\/pages\/655\/","name":"La Sainte","isPartOf":{"@id":"https:\/\/lasainte.nl\/fr\/#website"},"datePublished":"2016-12-12T13:00:22+00:00","dateModified":"2024-08-21T14:01:49+00:00","breadcrumb":{"@id":"https:\/\/lasainte.nl\/fr\/wp-json\/wp\/v2\/pages\/655\/#breadcrumblist"},"inLanguage":"fr_FR","potentialAction":[{"@type":"ReadAction","target":["https:\/\/lasainte.nl\/fr\/acces-au-gite\/"]}],"publisher":{"@id":"https:\/\/lasainte.nl\/fr\/#organization"}},{"@type":"BreadcrumbList","@id":"https:\/\/lasainte.nl\/fr\/wp-json\/wp\/v2\/pages\/655\/#breadcrumblist","itemListElement":[{"@type":"ListItem","position":"1","name":"Accueil","item":"https:\/\/lasainte.nl\/fr\/"},{"@type":"ListItem","position":2,"name":"Acc\u00e8s au g\u00eete"}],"name":"Breadcrumbs"},{"@type":"WebSite","@id":"https:\/\/lasainte.nl\/fr\/#website","url":"https:\/\/lasainte.nl\/fr\/","name":"La Sainte","description":"","potentialAction":{"@id":"https:\/\/lasainte.nl\/fr\/#searchaction"},"inLanguage":"fr-FR","publisher":{"@id":"https:\/\/lasainte.nl\/fr\/#organization"}},{"@type":"SearchAction","@id":"https:\/\/lasainte.nl\/fr\/#searchaction","target":"https:\/\/lasainte.nl\/?s={search_term_string}","query-input":"required name=search_term_string"},{"@type":"Organization","@id":"https:\/\/lasainte.nl\/fr\/#organization","name":"La Sainte","url":"https:\/\/lasainte.nl\/fr\/"}]}},"_links":{"self":[{"href":"https:\/\/lasainte.nl\/fr\/wp-json\/wp\/v2\/pages\/655","targetHints":{"allow":["GET"]}}],"collection":[{"href":"https:\/\/lasainte.nl\/fr\/wp-json\/wp\/v2\/pages"}],"about":[{"href":"https:\/\/lasainte.nl\/fr\/wp-json\/wp\/v2\/types\/page"}],"author":[{"embeddable":true,"href":"https:\/\/lasainte.nl\/fr\/wp-json\/wp\/v2\/users\/1"}],"replies":[{"embeddable":true,"href":"https:\/\/lasainte.nl\/fr\/wp-json\/wp\/v2\/comments?post=655"}],"version-history":[{"count":5,"href":"https:\/\/lasainte.nl\/fr\/wp-json\/wp\/v2\/pages\/655\/revisions"}],"predecessor-version":[{"id":1788,"href":"https:\/\/lasainte.nl\/fr\/wp-json\/wp\/v2\/pages\/655\/revisions\/1788"}],"wp:attachment":[{"href":"https:\/\/lasainte.nl\/fr\/wp-json\/wp\/v2\/media?parent=655"}],"curies":[{"name":"wp","href":"https:\/\/api.w.org\/{rel}","templated":true}]}}