{"id":645,"date":"2016-12-12T14:00:22","date_gmt":"2016-12-12T13:00:22","guid":{"rendered":"https:\/\/lasainte.nl\/tarieven-beschikbaarheid\/"},"modified":"2026-02-05T12:08:55","modified_gmt":"2026-02-05T11:08:55","slug":"nos-tarifs-et-disponibilites","status":"publish","type":"page","link":"https:\/\/lasainte.nl\/fr\/nos-tarifs-et-disponibilites\/","title":{"rendered":"Nos tarifs et disponibilit\u00e9s"},"content":{"rendered":"<p><img loading=\"lazy\" decoding=\"async\" class=\"alignright size-full wp-image-368\" src=\"https:\/\/lasainte.nl\/wp-content\/uploads\/2016\/12\/entree-binnenplaatsroodschaduw.png\" alt=\"entree-binnenplaatsroodschaduw\" width=\"218\" height=\"280\" srcset=\"https:\/\/lasainte.nl\/wp-content\/uploads\/2016\/12\/entree-binnenplaatsroodschaduw.png 218w, https:\/\/lasainte.nl\/wp-content\/uploads\/2016\/12\/entree-binnenplaatsroodschaduw-35x45.png 35w, https:\/\/lasainte.nl\/wp-content\/uploads\/2016\/12\/entree-binnenplaatsroodschaduw-78x100.png 78w\" sizes=\"auto, (max-width: 218px) 100vw, 218px\" \/><\/p>\n<p>L\u2019arriv\u00e9 et le d\u00e9part du g\u00eete La Sentinelle est le samedi. Des exceptions sont accord\u00e9es uniquement en moyenne saison (options et prix sur demande).<br \/>\nAu jour de l\u2019arriv\u00e9 vous \u00eates les bienvenues \u00e0 partir de 16.00 heures.<br \/>\nLe jour du d\u00e9part nous vous prions de quitter le g\u00eete avant 09.30 heures<\/p>\n<h2>Tarifs 2026 (par semaine)<\/h2>\n<p>Haute saison: \u20ac 1.295,00<br \/>\nVacances de Mai: \u20ac 995,00<br \/>\nMoyenne saison: \u20ac 945,00<br \/>\nBasse saison: <a href=\"https:\/\/lasainte.nl\/fr\/nous-contacter-informations\/\">sur demande<\/a><\/p>\n<p>Reservations pour 2 personnes ont un prix different. (1 chambre avec douche\/toilet disponible).<\/p>\n<p>L&rsquo;\u00e9nergie est compris. Exclusif nettoyage (\u20ac 75,-) et taxe de s\u00e9jour (\u20ac 1,00 par personne, par nuit).<\/p>\n<p>Linge de la cuisine est fourni. Si vous voulez, vous pouvez louer le linge de lit et des serviettes.<br \/>\nUne caution de \u20ac 250 sera demand\u00e9e \u00e0 l&rsquo;arriv\u00e9e.<br \/>\nOn n&rsquo;accepte pas d&rsquo;animaux de compagnie au g\u00eete.<\/p>\n<p>Avec une occupation de 6-8 personnes nous vous offrons la possibilit\u00e9 de louer une chambre double suppl\u00e9mentaire, avec salle de bains priv\u00e9e et entr\u00e9e individuelle, dans le Manoir \u00e0 combiner avec la location du g\u00eete. Tarifs <a href=\"https:\/\/lasainte.nl\/fr\/nous-contacter-informations\/\">sur demande<\/a>.<\/p>\n<h2>Disponibilit\u00e9s g\u00eete La Sentinelle<\/h2>\n<p><iframe loading=\"lazy\" style=\"width: 100%; height: 350px;\" src=\"https:\/\/www.gites.eu\/fr\/vakantiehuizen\/11669\/embed\" width=\"300\" height=\"150\" frameborder=\"0\" scrolling=\"no\"><\/iframe><\/p>\n<h2>Explication des saisons<\/h2>\n<p>Haute saison: Juillet et Ao\u00fbt (11 Juillet &#8211; 29 Ao\u00fbt 2026)<br \/>\nJuillet: 27 juin au 11 juillet 2026<br \/>\nMai: Vacances de avril\/mai 2026<br \/>\nMoyenne saison: Mai (sauf les vacances d&rsquo;Avril\/Mai), Juin, Septembre, Octobre et les vacances de No\u00ebl<br \/>\nBasse saison: Novembre jusqu\u2019au Avril (sauf les vacances d&rsquo;avril\/mai et de No\u00ebl), disponibilit\u00e9s et tarifs <a href=\"https:\/\/lasainte.nl\/fr\/nous-contacter-informations\/\">sur demande<\/a>.<\/p>\n","protected":false},"excerpt":{"rendered":"<p>L\u2019arriv\u00e9 et le d\u00e9part du g\u00eete La Sentinelle est le samedi. Des exceptions sont accord\u00e9es uniquement en moyenne saison (options et prix sur demande). Au jour de l\u2019arriv\u00e9 vous \u00eates les bienvenues \u00e0 partir de 16.00 heures. Le jour du d\u00e9part nous vous prions de quitter le g\u00eete avant 09.30 heures Tarifs 2026 (par semaine) [&hellip;] <a href=\"https:\/\/lasainte.nl\/fr\/nos-tarifs-et-disponibilites\/\" class=\"page_readmore\">Lees verder&nbsp;&raquo;<\/a><\/p>\n","protected":false},"author":1,"featured_media":0,"parent":0,"menu_order":3,"comment_status":"closed","ping_status":"closed","template":"","meta":{"slim_seo":{"title":"Nos tarifs et disponibilit\u00e9s - La Sainte","description":"L\u2019arriv\u00e9 et le d\u00e9part du g\u00eete La Sentinelle est le samedi. Des exceptions sont accord\u00e9es uniquement en moyenne saison (options et prix sur demande). Au jour de"},"footnotes":""},"class_list":["post-645","page","type-page","status-publish","hentry"],"yoast_head":"<!-- This site is optimized with the Yoast SEO plugin v20.5 - https:\/\/yoast.com\/wordpress\/plugins\/seo\/ -->\n<title>Nos tarifs et disponibilit\u00e9s - La Sainte<\/title>\n<meta name=\"robots\" content=\"index, follow, max-snippet:-1, max-image-preview:large, max-video-preview:-1\" \/>\n<link rel=\"canonical\" href=\"https:\/\/lasainte.nl\/fr\/nos-tarifs-et-disponibilites\/\" \/>\n<meta property=\"og:locale\" content=\"fr_FR\" \/>\n<meta property=\"og:type\" content=\"article\" \/>\n<meta property=\"og:title\" content=\"Nos tarifs et disponibilit\u00e9s - La Sainte\" \/>\n<meta property=\"og:description\" content=\"L\u2019arriv\u00e9 et le d\u00e9part du g\u00eete La Sentinelle est le samedi. Des exceptions sont accord\u00e9es uniquement en moyenne saison (options et prix sur demande). Au jour de l\u2019arriv\u00e9 vous \u00eates les bienvenues \u00e0 partir de 16.00 heures. Le jour du d\u00e9part nous vous prions de quitter le g\u00eete avant 09.30 heures Tarifs 2026 (par semaine) [&hellip;]\" \/>\n<meta property=\"og:url\" content=\"https:\/\/lasainte.nl\/fr\/nos-tarifs-et-disponibilites\/\" \/>\n<meta property=\"og:site_name\" content=\"La Sainte\" \/>\n<meta property=\"article:modified_time\" content=\"2026-02-05T11:08:55+00:00\" \/>\n<meta property=\"og:image\" content=\"https:\/\/lasainte.nl\/wp-content\/uploads\/2016\/12\/entree-binnenplaatsroodschaduw.png\" \/>\n<meta name=\"twitter:label1\" content=\"Dur\u00e9e de lecture estim\u00e9e\" \/>\n\t<meta name=\"twitter:data1\" content=\"2 minutes\" \/>\n<script type=\"application\/ld+json\" class=\"yoast-schema-graph\">{\"@context\":\"https:\/\/schema.org\",\"@graph\":[{\"@type\":\"WebPage\",\"@id\":\"https:\/\/lasainte.nl\/fr\/wp-json\/wp\/v2\/pages\/645\/#webpage\",\"url\":\"https:\/\/lasainte.nl\/fr\/wp-json\/wp\/v2\/pages\/645\/\",\"name\":\"La Sainte\",\"isPartOf\":{\"@id\":\"https:\/\/lasainte.nl\/fr\/#website\"},\"datePublished\":\"2016-12-12T13:00:22+00:00\",\"dateModified\":\"2026-02-05T11:08:55+00:00\",\"breadcrumb\":{\"@id\":\"https:\/\/lasainte.nl\/fr\/wp-json\/wp\/v2\/pages\/645\/#breadcrumblist\"},\"inLanguage\":\"fr_FR\",\"potentialAction\":[{\"@type\":\"ReadAction\",\"target\":[\"https:\/\/lasainte.nl\/fr\/nos-tarifs-et-disponibilites\/\"]}],\"publisher\":{\"@id\":\"https:\/\/lasainte.nl\/fr\/#organization\"}},{\"@type\":\"BreadcrumbList\",\"@id\":\"https:\/\/lasainte.nl\/fr\/wp-json\/wp\/v2\/pages\/645\/#breadcrumblist\",\"itemListElement\":[{\"@type\":\"ListItem\",\"position\":\"1\",\"name\":\"Accueil\",\"item\":\"https:\/\/lasainte.nl\/fr\/\"},{\"@type\":\"ListItem\",\"position\":2,\"name\":\"Nos tarifs et disponibilit\u00e9s\"}],\"name\":\"Breadcrumbs\"},{\"@type\":\"WebSite\",\"@id\":\"https:\/\/lasainte.nl\/fr\/#website\",\"url\":\"https:\/\/lasainte.nl\/fr\/\",\"name\":\"La Sainte\",\"description\":\"\",\"potentialAction\":{\"@id\":\"https:\/\/lasainte.nl\/fr\/#searchaction\"},\"inLanguage\":\"fr-FR\",\"publisher\":{\"@id\":\"https:\/\/lasainte.nl\/fr\/#organization\"}},{\"@type\":\"SearchAction\",\"@id\":\"https:\/\/lasainte.nl\/fr\/#searchaction\",\"target\":\"https:\/\/lasainte.nl\/?s={search_term_string}\",\"query-input\":\"required name=search_term_string\"},{\"@type\":\"Organization\",\"@id\":\"https:\/\/lasainte.nl\/fr\/#organization\",\"name\":\"La Sainte\",\"url\":\"https:\/\/lasainte.nl\/fr\/\"}]}<\/script>\n<!-- \/ Yoast SEO plugin. -->","yoast_head_json":{"title":"Nos tarifs et disponibilit\u00e9s - La Sainte","robots":{"index":"index","follow":"follow","max-snippet":"max-snippet:-1","max-image-preview":"max-image-preview:large","max-video-preview":"max-video-preview:-1"},"canonical":"https:\/\/lasainte.nl\/fr\/nos-tarifs-et-disponibilites\/","og_locale":"fr_FR","og_type":"article","og_title":"Nos tarifs et disponibilit\u00e9s - La Sainte","og_description":"L\u2019arriv\u00e9 et le d\u00e9part du g\u00eete La Sentinelle est le samedi. Des exceptions sont accord\u00e9es uniquement en moyenne saison (options et prix sur demande). Au jour de l\u2019arriv\u00e9 vous \u00eates les bienvenues \u00e0 partir de 16.00 heures. Le jour du d\u00e9part nous vous prions de quitter le g\u00eete avant 09.30 heures Tarifs 2026 (par semaine) [&hellip;]","og_url":"https:\/\/lasainte.nl\/fr\/nos-tarifs-et-disponibilites\/","og_site_name":"La Sainte","article_modified_time":"2026-02-05T11:08:55+00:00","og_image":[{"url":"https:\/\/lasainte.nl\/wp-content\/uploads\/2016\/12\/entree-binnenplaatsroodschaduw.png"}],"twitter_misc":{"Dur\u00e9e de lecture estim\u00e9e":"2 minutes"},"schema":{"@context":"https:\/\/schema.org","@graph":[{"@type":"WebPage","@id":"https:\/\/lasainte.nl\/fr\/wp-json\/wp\/v2\/pages\/645\/#webpage","url":"https:\/\/lasainte.nl\/fr\/wp-json\/wp\/v2\/pages\/645\/","name":"La Sainte","isPartOf":{"@id":"https:\/\/lasainte.nl\/fr\/#website"},"datePublished":"2016-12-12T13:00:22+00:00","dateModified":"2026-02-05T11:08:55+00:00","breadcrumb":{"@id":"https:\/\/lasainte.nl\/fr\/wp-json\/wp\/v2\/pages\/645\/#breadcrumblist"},"inLanguage":"fr_FR","potentialAction":[{"@type":"ReadAction","target":["https:\/\/lasainte.nl\/fr\/nos-tarifs-et-disponibilites\/"]}],"publisher":{"@id":"https:\/\/lasainte.nl\/fr\/#organization"}},{"@type":"BreadcrumbList","@id":"https:\/\/lasainte.nl\/fr\/wp-json\/wp\/v2\/pages\/645\/#breadcrumblist","itemListElement":[{"@type":"ListItem","position":"1","name":"Accueil","item":"https:\/\/lasainte.nl\/fr\/"},{"@type":"ListItem","position":2,"name":"Nos tarifs et disponibilit\u00e9s"}],"name":"Breadcrumbs"},{"@type":"WebSite","@id":"https:\/\/lasainte.nl\/fr\/#website","url":"https:\/\/lasainte.nl\/fr\/","name":"La Sainte","description":"","potentialAction":{"@id":"https:\/\/lasainte.nl\/fr\/#searchaction"},"inLanguage":"fr-FR","publisher":{"@id":"https:\/\/lasainte.nl\/fr\/#organization"}},{"@type":"SearchAction","@id":"https:\/\/lasainte.nl\/fr\/#searchaction","target":"https:\/\/lasainte.nl\/?s={search_term_string}","query-input":"required name=search_term_string"},{"@type":"Organization","@id":"https:\/\/lasainte.nl\/fr\/#organization","name":"La Sainte","url":"https:\/\/lasainte.nl\/fr\/"}]}},"_links":{"self":[{"href":"https:\/\/lasainte.nl\/fr\/wp-json\/wp\/v2\/pages\/645","targetHints":{"allow":["GET"]}}],"collection":[{"href":"https:\/\/lasainte.nl\/fr\/wp-json\/wp\/v2\/pages"}],"about":[{"href":"https:\/\/lasainte.nl\/fr\/wp-json\/wp\/v2\/types\/page"}],"author":[{"embeddable":true,"href":"https:\/\/lasainte.nl\/fr\/wp-json\/wp\/v2\/users\/1"}],"replies":[{"embeddable":true,"href":"https:\/\/lasainte.nl\/fr\/wp-json\/wp\/v2\/comments?post=645"}],"version-history":[{"count":27,"href":"https:\/\/lasainte.nl\/fr\/wp-json\/wp\/v2\/pages\/645\/revisions"}],"predecessor-version":[{"id":2197,"href":"https:\/\/lasainte.nl\/fr\/wp-json\/wp\/v2\/pages\/645\/revisions\/2197"}],"wp:attachment":[{"href":"https:\/\/lasainte.nl\/fr\/wp-json\/wp\/v2\/media?parent=645"}],"curies":[{"name":"wp","href":"https:\/\/api.w.org\/{rel}","templated":true}]}}