{"id":689,"date":"2016-12-12T14:00:21","date_gmt":"2016-12-12T13:00:21","guid":{"rendered":"https:\/\/lasainte.nl\/la-bouriane\/bezienswaardigheden\/"},"modified":"2016-12-21T15:41:02","modified_gmt":"2016-12-21T14:41:02","slug":"lugares-para-ver","status":"publish","type":"page","link":"https:\/\/lasainte.nl\/es\/la-bouriane\/lugares-para-ver\/","title":{"rendered":"Lugares para ver"},"content":{"rendered":"<p><img loading=\"lazy\" decoding=\"async\" class=\"alignright size-full wp-image-335\" src=\"https:\/\/lasainte.nl\/wp-content\/uploads\/2016\/12\/cahorsroodschaduw.png\" alt=\"cahorsroodschaduw\" width=\"248\" height=\"280\" srcset=\"https:\/\/lasainte.nl\/wp-content\/uploads\/2016\/12\/cahorsroodschaduw.png 248w, https:\/\/lasainte.nl\/wp-content\/uploads\/2016\/12\/cahorsroodschaduw-40x45.png 40w, https:\/\/lasainte.nl\/wp-content\/uploads\/2016\/12\/cahorsroodschaduw-89x100.png 89w\" sizes=\"auto, (max-width: 248px) 100vw, 248px\" \/>Cahors est\u00e1 constru\u00eddo en una coyuntura del r\u00edo y rodeado por colinas rocosas. La ciudad bien merece una visita por su bien conocido \u00abPont Valentr\u00e9\u00bb, un puente fortificado sobre el r\u00edo Lot y sus famosos castillos en el coraz\u00f3n de los vi\u00f1edos (\u00a1cata de vinos!).<\/p>\n<p>Aqu\u00ed tambi\u00e9n se puede ir de compras.<\/p>\n<p>En los alrededores de Cahors hay muchas villas y peque\u00f1os pueblos para descubrir: Prayssac, con su mercado de todos los viernes yace entre los vi\u00f1edos.<\/p>\n<p>&nbsp;<\/p>\n<p><img loading=\"lazy\" decoding=\"async\" class=\"alignleft size-full wp-image-336\" src=\"https:\/\/lasainte.nl\/wp-content\/uploads\/2016\/12\/puy-levequeroodschaduw.png\" alt=\"puy-levequeroodschaduw\" width=\"280\" height=\"218\" srcset=\"https:\/\/lasainte.nl\/wp-content\/uploads\/2016\/12\/puy-levequeroodschaduw.png 280w, https:\/\/lasainte.nl\/wp-content\/uploads\/2016\/12\/puy-levequeroodschaduw-45x35.png 45w, https:\/\/lasainte.nl\/wp-content\/uploads\/2016\/12\/puy-levequeroodschaduw-128x100.png 128w\" sizes=\"auto, (max-width: 280px) 100vw, 280px\" \/><br \/>\nPuy l&#8217;Ev\u00eaque, un pueblo medieval situado al lado del r\u00edo Lot, est\u00e1 constru\u00eddo sobre las rocas. \u00a1La vista del Lot es magn\u00edfica!<\/p>\n<p>&nbsp;<\/p>\n<p>&nbsp;<\/p>\n<p>&nbsp;<\/p>\n<p><img loading=\"lazy\" decoding=\"async\" class=\"alignright size-full wp-image-337\" src=\"https:\/\/lasainte.nl\/wp-content\/uploads\/2016\/12\/muse-cazalsroodschaduw.png\" alt=\"muse-cazalsroodschaduw\" width=\"280\" height=\"197\" srcset=\"https:\/\/lasainte.nl\/wp-content\/uploads\/2016\/12\/muse-cazalsroodschaduw.png 280w, https:\/\/lasainte.nl\/wp-content\/uploads\/2016\/12\/muse-cazalsroodschaduw-45x32.png 45w, https:\/\/lasainte.nl\/wp-content\/uploads\/2016\/12\/muse-cazalsroodschaduw-142x100.png 142w\" sizes=\"auto, (max-width: 280px) 100vw, 280px\" \/>Cazals, una hermosa villa, con su mercado matutino de los s\u00e1bados, y donde muchos productos se ponen a la venta, est\u00e1 a s\u00f3lo dos pasos de Frayssinet-le-G\u00e9lat. Aqu\u00ed tambi\u00e9n puede usted encontrar el \u00abMus\u00e9e de Vielles<br \/>\nM\u00e9caniques\u00bb. Un museo con una variedad de maquinaria agr\u00edcola antigua.<\/p>\n<p>Para los amantes del arte, se obliga una visita al \u00abMus\u00e9e Zadkine\u00bb en Les Arques.<\/p>\n<p>Si quiere visitar una ciudad grande para ir de compras y descubrir la cultura, Toulouse es una buena opci\u00f3n para salir.<\/p>\n<p>&nbsp;<\/p>\n<p><img loading=\"lazy\" decoding=\"async\" class=\"alignleft size-full wp-image-338\" src=\"https:\/\/lasainte.nl\/wp-content\/uploads\/2016\/12\/sarlatroodschaduw.png\" alt=\"sarlatroodschaduw\" width=\"280\" height=\"198\" srcset=\"https:\/\/lasainte.nl\/wp-content\/uploads\/2016\/12\/sarlatroodschaduw.png 280w, https:\/\/lasainte.nl\/wp-content\/uploads\/2016\/12\/sarlatroodschaduw-45x32.png 45w, https:\/\/lasainte.nl\/wp-content\/uploads\/2016\/12\/sarlatroodschaduw-141x100.png 141w\" sizes=\"auto, (max-width: 280px) 100vw, 280px\" \/><img loading=\"lazy\" decoding=\"async\" class=\"alignright size-full wp-image-339\" src=\"https:\/\/lasainte.nl\/wp-content\/uploads\/2016\/12\/rocamadourroodschaduw.png\" alt=\"rocamadourroodschaduw\" width=\"280\" height=\"205\" srcset=\"https:\/\/lasainte.nl\/wp-content\/uploads\/2016\/12\/rocamadourroodschaduw.png 280w, https:\/\/lasainte.nl\/wp-content\/uploads\/2016\/12\/rocamadourroodschaduw-45x33.png 45w, https:\/\/lasainte.nl\/wp-content\/uploads\/2016\/12\/rocamadourroodschaduw-137x100.png 137w\" sizes=\"auto, (max-width: 280px) 100vw, 280px\" \/>En un radio de alrededor de 50km hay un mont\u00f3n de cosas para ver y hacer. Algunos de los lugares bien conocidos e interesantes son, por ejemplo, Sarlat, Rocamadour, St. Cirq Lapopie et Domme.<\/p>\n<p>&nbsp;<\/p>\n<p>&nbsp;<\/p>\n<p>En la regi\u00f3n hay una serie de castillos a visitar: Ch\u00e2teau de Bonaguil, Ch\u00e2teau de Milandes (de Josephine Baker), Ch\u00e2teau Castelnau y Ch\u00e2teau de Beynac et Cenac.<\/p>\n<p>La naturaleza var\u00eda mucho. Hay diversas cavernas que vale la pena visitar, como \u00able Gouffre de Padirac\u00bb. Esta es una cueva con un r\u00edo subterr\u00e1neo.<\/p>\n<h2>Recreaci\u00f3n<\/h2>\n<p><img loading=\"lazy\" decoding=\"async\" class=\"alignleft size-full wp-image-340\" src=\"https:\/\/lasainte.nl\/wp-content\/uploads\/2016\/12\/plan-deau-cazalsroodschaduw.png\" alt=\"plan-deau-cazalsroodschaduw\" width=\"280\" height=\"217\" srcset=\"https:\/\/lasainte.nl\/wp-content\/uploads\/2016\/12\/plan-deau-cazalsroodschaduw.png 280w, https:\/\/lasainte.nl\/wp-content\/uploads\/2016\/12\/plan-deau-cazalsroodschaduw-45x35.png 45w, https:\/\/lasainte.nl\/wp-content\/uploads\/2016\/12\/plan-deau-cazalsroodschaduw-129x100.png 129w\" sizes=\"auto, (max-width: 280px) 100vw, 280px\" \/><img loading=\"lazy\" decoding=\"async\" class=\"alignright size-full wp-image-341\" src=\"https:\/\/lasainte.nl\/wp-content\/uploads\/2016\/12\/kanoroodschaduw.png\" alt=\"kanoroodschaduw\" width=\"280\" height=\"217\" srcset=\"https:\/\/lasainte.nl\/wp-content\/uploads\/2016\/12\/kanoroodschaduw.png 280w, https:\/\/lasainte.nl\/wp-content\/uploads\/2016\/12\/kanoroodschaduw-45x35.png 45w, https:\/\/lasainte.nl\/wp-content\/uploads\/2016\/12\/kanoroodschaduw-129x100.png 129w\" sizes=\"auto, (max-width: 280px) 100vw, 280px\" \/>El canotaje (tambi\u00e9n en kayak) se puede practicar en los r\u00edos Lot y Dordogne. Quienes gusten de pescar pueden saciar sus pasiones en los diferentes r\u00edos y lagos de la regi\u00f3n. Se requiere un permiso que se puede comprar en el \u00abPresse\u00bb, la librer\u00eda y estanquillo local.<\/p>\n<p>&nbsp;<\/p>\n<p>&nbsp;<\/p>\n<p>Hay muchos caminos llamados GR (Grandes Randonn\u00e9es) para pasear o andar en bicicleta en la regi\u00f3n. La famosa ruta de peregrinage a Santiago de Compostella, la GR652, \u00a1cruza justo por Frayssinet-le-G\u00e9lat!<br \/>\nTambi\u00e9n hay muchas opciones para la equitaci\u00f3n en los alrededores.<\/p>\n<p>Se puede jugar Golf en Belv\u00e8s (aproximadamente 25km). Aqu\u00ed uno encuentra 2 campos de golf (18 y 9 hoyos). Tambi\u00e9n hay un campo de golf de 9 hoyos en el pueblo vecino de St. Martin-le-Redon.<\/p>\n","protected":false},"excerpt":{"rendered":"<p>Cahors est\u00e1 constru\u00eddo en una coyuntura del r\u00edo y rodeado por colinas rocosas. La ciudad bien merece una visita por su bien conocido \u00abPont Valentr\u00e9\u00bb, un puente fortificado sobre el r\u00edo Lot y sus famosos castillos en el coraz\u00f3n de los vi\u00f1edos (\u00a1cata de vinos!). Aqu\u00ed tambi\u00e9n se puede ir de compras. En los alrededores [&hellip;] <a href=\"https:\/\/lasainte.nl\/es\/la-bouriane\/lugares-para-ver\/\" class=\"page_readmore\">Lees verder&nbsp;&raquo;<\/a><\/p>\n","protected":false},"author":1,"featured_media":0,"parent":670,"menu_order":0,"comment_status":"closed","ping_status":"closed","template":"","meta":{"slim_seo":{"title":"Lugares para ver - La Sainte","description":"Cahors est\u00e1 constru\u00eddo en una coyuntura del r\u00edo y rodeado por colinas rocosas. La ciudad bien merece una visita por su bien conocido \"Pont Valentr\u00e9\", un puente"},"footnotes":""},"class_list":["post-689","page","type-page","status-publish","hentry"],"yoast_head":"<!-- This site is optimized with the Yoast SEO plugin v20.5 - https:\/\/yoast.com\/wordpress\/plugins\/seo\/ -->\n<title>Lugares para ver - La Sainte<\/title>\n<meta name=\"robots\" content=\"index, follow, max-snippet:-1, max-image-preview:large, max-video-preview:-1\" \/>\n<link rel=\"canonical\" href=\"https:\/\/lasainte.nl\/es\/la-bouriane\/lugares-para-ver\/\" \/>\n<meta property=\"og:locale\" content=\"es_ES\" \/>\n<meta property=\"og:type\" content=\"article\" \/>\n<meta property=\"og:title\" content=\"Lugares para ver - La Sainte\" \/>\n<meta property=\"og:description\" content=\"Cahors est\u00e1 constru\u00eddo en una coyuntura del r\u00edo y rodeado por colinas rocosas. La ciudad bien merece una visita por su bien conocido \u00abPont Valentr\u00e9\u00bb, un puente fortificado sobre el r\u00edo Lot y sus famosos castillos en el coraz\u00f3n de los vi\u00f1edos (\u00a1cata de vinos!). Aqu\u00ed tambi\u00e9n se puede ir de compras. En los alrededores [&hellip;]\" \/>\n<meta property=\"og:url\" content=\"https:\/\/lasainte.nl\/es\/la-bouriane\/lugares-para-ver\/\" \/>\n<meta property=\"og:site_name\" content=\"La Sainte\" \/>\n<meta property=\"article:modified_time\" content=\"2016-12-21T14:41:02+00:00\" \/>\n<meta property=\"og:image\" content=\"https:\/\/lasainte.nl\/wp-content\/uploads\/2016\/12\/cahorsroodschaduw.png\" \/>\n<meta name=\"twitter:label1\" content=\"Tiempo de lectura\" \/>\n\t<meta name=\"twitter:data1\" content=\"2 minutos\" \/>\n<script type=\"application\/ld+json\" class=\"yoast-schema-graph\">{\"@context\":\"https:\/\/schema.org\",\"@graph\":[{\"@type\":\"WebPage\",\"@id\":\"https:\/\/lasainte.nl\/es\/wp-json\/wp\/v2\/pages\/689\/#webpage\",\"url\":\"https:\/\/lasainte.nl\/es\/wp-json\/wp\/v2\/pages\/689\/\",\"name\":\"La Sainte\",\"isPartOf\":{\"@id\":\"https:\/\/lasainte.nl\/es\/#website\"},\"datePublished\":\"2016-12-12T13:00:21+00:00\",\"dateModified\":\"2016-12-21T14:41:02+00:00\",\"breadcrumb\":{\"@id\":\"https:\/\/lasainte.nl\/es\/wp-json\/wp\/v2\/pages\/689\/#breadcrumblist\"},\"inLanguage\":\"es_ES\",\"potentialAction\":[{\"@type\":\"ReadAction\",\"target\":[\"https:\/\/lasainte.nl\/es\/la-bouriane\/lugares-para-ver\/\"]}],\"publisher\":{\"@id\":\"https:\/\/lasainte.nl\/es\/#organization\"}},{\"@type\":\"BreadcrumbList\",\"@id\":\"https:\/\/lasainte.nl\/es\/wp-json\/wp\/v2\/pages\/689\/#breadcrumblist\",\"itemListElement\":[{\"@type\":\"ListItem\",\"position\":\"1\",\"name\":\"Inicio\",\"item\":\"https:\/\/lasainte.nl\/es\/\"},{\"@type\":\"ListItem\",\"position\":2,\"name\":\"La Bouriane\",\"item\":\"https:\/\/lasainte.nl\/es\/la-bouriane\/\"},{\"@type\":\"ListItem\",\"position\":3,\"name\":\"Lugares para ver\"}],\"name\":\"Breadcrumbs\"},{\"@type\":\"WebSite\",\"@id\":\"https:\/\/lasainte.nl\/es\/#website\",\"url\":\"https:\/\/lasainte.nl\/es\/\",\"name\":\"La Sainte\",\"description\":\"\",\"potentialAction\":{\"@id\":\"https:\/\/lasainte.nl\/es\/#searchaction\"},\"inLanguage\":\"es\",\"publisher\":{\"@id\":\"https:\/\/lasainte.nl\/es\/#organization\"}},{\"@type\":\"SearchAction\",\"@id\":\"https:\/\/lasainte.nl\/es\/#searchaction\",\"target\":\"https:\/\/lasainte.nl\/?s={search_term_string}\",\"query-input\":\"required name=search_term_string\"},{\"@type\":\"Organization\",\"@id\":\"https:\/\/lasainte.nl\/es\/#organization\",\"name\":\"La Sainte\",\"url\":\"https:\/\/lasainte.nl\/es\/\"}]}<\/script>\n<!-- \/ Yoast SEO plugin. -->","yoast_head_json":{"title":"Lugares para ver - La Sainte","robots":{"index":"index","follow":"follow","max-snippet":"max-snippet:-1","max-image-preview":"max-image-preview:large","max-video-preview":"max-video-preview:-1"},"canonical":"https:\/\/lasainte.nl\/es\/la-bouriane\/lugares-para-ver\/","og_locale":"es_ES","og_type":"article","og_title":"Lugares para ver - La Sainte","og_description":"Cahors est\u00e1 constru\u00eddo en una coyuntura del r\u00edo y rodeado por colinas rocosas. La ciudad bien merece una visita por su bien conocido \u00abPont Valentr\u00e9\u00bb, un puente fortificado sobre el r\u00edo Lot y sus famosos castillos en el coraz\u00f3n de los vi\u00f1edos (\u00a1cata de vinos!). Aqu\u00ed tambi\u00e9n se puede ir de compras. En los alrededores [&hellip;]","og_url":"https:\/\/lasainte.nl\/es\/la-bouriane\/lugares-para-ver\/","og_site_name":"La Sainte","article_modified_time":"2016-12-21T14:41:02+00:00","og_image":[{"url":"https:\/\/lasainte.nl\/wp-content\/uploads\/2016\/12\/cahorsroodschaduw.png"}],"twitter_misc":{"Tiempo de lectura":"2 minutos"},"schema":{"@context":"https:\/\/schema.org","@graph":[{"@type":"WebPage","@id":"https:\/\/lasainte.nl\/es\/wp-json\/wp\/v2\/pages\/689\/#webpage","url":"https:\/\/lasainte.nl\/es\/wp-json\/wp\/v2\/pages\/689\/","name":"La Sainte","isPartOf":{"@id":"https:\/\/lasainte.nl\/es\/#website"},"datePublished":"2016-12-12T13:00:21+00:00","dateModified":"2016-12-21T14:41:02+00:00","breadcrumb":{"@id":"https:\/\/lasainte.nl\/es\/wp-json\/wp\/v2\/pages\/689\/#breadcrumblist"},"inLanguage":"es_ES","potentialAction":[{"@type":"ReadAction","target":["https:\/\/lasainte.nl\/es\/la-bouriane\/lugares-para-ver\/"]}],"publisher":{"@id":"https:\/\/lasainte.nl\/es\/#organization"}},{"@type":"BreadcrumbList","@id":"https:\/\/lasainte.nl\/es\/wp-json\/wp\/v2\/pages\/689\/#breadcrumblist","itemListElement":[{"@type":"ListItem","position":"1","name":"Inicio","item":"https:\/\/lasainte.nl\/es\/"},{"@type":"ListItem","position":2,"name":"La Bouriane","item":"https:\/\/lasainte.nl\/es\/la-bouriane\/"},{"@type":"ListItem","position":3,"name":"Lugares para ver"}],"name":"Breadcrumbs"},{"@type":"WebSite","@id":"https:\/\/lasainte.nl\/es\/#website","url":"https:\/\/lasainte.nl\/es\/","name":"La Sainte","description":"","potentialAction":{"@id":"https:\/\/lasainte.nl\/es\/#searchaction"},"inLanguage":"es","publisher":{"@id":"https:\/\/lasainte.nl\/es\/#organization"}},{"@type":"SearchAction","@id":"https:\/\/lasainte.nl\/es\/#searchaction","target":"https:\/\/lasainte.nl\/?s={search_term_string}","query-input":"required name=search_term_string"},{"@type":"Organization","@id":"https:\/\/lasainte.nl\/es\/#organization","name":"La Sainte","url":"https:\/\/lasainte.nl\/es\/"}]}},"_links":{"self":[{"href":"https:\/\/lasainte.nl\/es\/wp-json\/wp\/v2\/pages\/689","targetHints":{"allow":["GET"]}}],"collection":[{"href":"https:\/\/lasainte.nl\/es\/wp-json\/wp\/v2\/pages"}],"about":[{"href":"https:\/\/lasainte.nl\/es\/wp-json\/wp\/v2\/types\/page"}],"author":[{"embeddable":true,"href":"https:\/\/lasainte.nl\/es\/wp-json\/wp\/v2\/users\/1"}],"replies":[{"embeddable":true,"href":"https:\/\/lasainte.nl\/es\/wp-json\/wp\/v2\/comments?post=689"}],"version-history":[{"count":2,"href":"https:\/\/lasainte.nl\/es\/wp-json\/wp\/v2\/pages\/689\/revisions"}],"predecessor-version":[{"id":735,"href":"https:\/\/lasainte.nl\/es\/wp-json\/wp\/v2\/pages\/689\/revisions\/735"}],"up":[{"embeddable":true,"href":"https:\/\/lasainte.nl\/es\/wp-json\/wp\/v2\/pages\/670"}],"wp:attachment":[{"href":"https:\/\/lasainte.nl\/es\/wp-json\/wp\/v2\/media?parent=689"}],"curies":[{"name":"wp","href":"https:\/\/api.w.org\/{rel}","templated":true}]}}