{"id":682,"date":"2016-12-12T14:00:22","date_gmt":"2016-12-12T13:00:22","guid":{"rendered":"https:\/\/lasainte.nl\/la-bouriane\/de-franse-keuken\/"},"modified":"2016-12-21T15:44:53","modified_gmt":"2016-12-21T14:44:53","slug":"la-cocina-francesa","status":"publish","type":"page","link":"https:\/\/lasainte.nl\/es\/la-bouriane\/la-cocina-francesa\/","title":{"rendered":"La cocina francesa"},"content":{"rendered":"<p>La gastronom\u00eda en el Lot es excelente y muy diversa.<\/p>\n<h2>Los platos<\/h2>\n<p>Los amantes del bien conocido \u00abFoie Gras\u00bb pueden comer a sus anchas aqu\u00ed. Pato, \u00able Canard\u00bb, es una especialidad regional con platillos como \u00abG\u00e9siers\u00bb, \u00abConfit de Canard\u00bb y \u00abMagr\u00e8t de Canard\u00bb.<br \/>\nEl queso de cabra, \u00able Cab\u00e9cou\u00bb, puede encontrarse en todo tipo de ensaladas y otros platillos diferentes.<\/p>\n<div id=\"attachment_350\" style=\"width: 290px\" class=\"wp-caption alignleft\"><img loading=\"lazy\" decoding=\"async\" aria-describedby=\"caption-attachment-350\" class=\"wp-image-350 size-full\" src=\"https:\/\/lasainte.nl\/wp-content\/uploads\/2016\/12\/salade_gourmande_au_foie_grasroodschaduw.png\" alt=\"salade_gourmande_au_foie_grasroodschaduw\" width=\"280\" height=\"187\" srcset=\"https:\/\/lasainte.nl\/wp-content\/uploads\/2016\/12\/salade_gourmande_au_foie_grasroodschaduw.png 280w, https:\/\/lasainte.nl\/wp-content\/uploads\/2016\/12\/salade_gourmande_au_foie_grasroodschaduw-45x30.png 45w, https:\/\/lasainte.nl\/wp-content\/uploads\/2016\/12\/salade_gourmande_au_foie_grasroodschaduw-150x100.png 150w\" sizes=\"auto, (max-width: 280px) 100vw, 280px\" \/><p id=\"caption-attachment-350\" class=\"wp-caption-text\">Salade Gourmande<\/p><\/div>\n<div id=\"attachment_353\" style=\"width: 290px\" class=\"wp-caption alignleft\"><img loading=\"lazy\" decoding=\"async\" aria-describedby=\"caption-attachment-353\" class=\"wp-image-353 size-full\" src=\"https:\/\/lasainte.nl\/wp-content\/uploads\/2016\/12\/gesiersroodschaduw.png\" alt=\"gesiersroodschaduw\" width=\"280\" height=\"209\" srcset=\"https:\/\/lasainte.nl\/wp-content\/uploads\/2016\/12\/gesiersroodschaduw.png 280w, https:\/\/lasainte.nl\/wp-content\/uploads\/2016\/12\/gesiersroodschaduw-45x34.png 45w, https:\/\/lasainte.nl\/wp-content\/uploads\/2016\/12\/gesiersroodschaduw-134x100.png 134w\" sizes=\"auto, (max-width: 280px) 100vw, 280px\" \/><p id=\"caption-attachment-353\" class=\"wp-caption-text\">Salade de g\u00e9siers<\/p><\/div>\n<div id=\"attachment_349\" style=\"width: 290px\" class=\"wp-caption alignleft\"><img loading=\"lazy\" decoding=\"async\" aria-describedby=\"caption-attachment-349\" class=\"size-full wp-image-349\" src=\"https:\/\/lasainte.nl\/wp-content\/uploads\/2016\/12\/magret-de-canardroodschaduw.png\" alt=\"Magret de Canard\" width=\"280\" height=\"217\" srcset=\"https:\/\/lasainte.nl\/wp-content\/uploads\/2016\/12\/magret-de-canardroodschaduw.png 280w, https:\/\/lasainte.nl\/wp-content\/uploads\/2016\/12\/magret-de-canardroodschaduw-45x35.png 45w, https:\/\/lasainte.nl\/wp-content\/uploads\/2016\/12\/magret-de-canardroodschaduw-129x100.png 129w\" sizes=\"auto, (max-width: 280px) 100vw, 280px\" \/><p id=\"caption-attachment-349\" class=\"wp-caption-text\">Magret de Canard<\/p><\/div>\n<div id=\"attachment_352\" style=\"width: 290px\" class=\"wp-caption alignleft\"><img loading=\"lazy\" decoding=\"async\" aria-describedby=\"caption-attachment-352\" class=\"wp-image-352 size-full\" src=\"https:\/\/lasainte.nl\/wp-content\/uploads\/2016\/12\/cabecouroodschaduw.png\" alt=\"cabecouroodschaduw\" width=\"280\" height=\"217\" srcset=\"https:\/\/lasainte.nl\/wp-content\/uploads\/2016\/12\/cabecouroodschaduw.png 280w, https:\/\/lasainte.nl\/wp-content\/uploads\/2016\/12\/cabecouroodschaduw-45x35.png 45w, https:\/\/lasainte.nl\/wp-content\/uploads\/2016\/12\/cabecouroodschaduw-129x100.png 129w\" sizes=\"auto, (max-width: 280px) 100vw, 280px\" \/><p id=\"caption-attachment-352\" class=\"wp-caption-text\">Salade de Cab\u00e9cou<\/p><\/div>\n<p>&nbsp;<\/p>\n<p>&nbsp;<\/p>\n<p>&nbsp;<\/p>\n<p>&nbsp;<\/p>\n<p>&nbsp;<\/p>\n<p>&nbsp;<\/p>\n<p>&nbsp;<\/p>\n<p>&nbsp;<\/p>\n<p>&nbsp;<\/p>\n<p>&nbsp;<\/p>\n<p>Estas delicias se hallar\u00e1n en casi todos los men\u00fas.<\/p>\n<h2>Vinicultura<\/h2>\n<p><img loading=\"lazy\" decoding=\"async\" class=\"alignright size-full wp-image-351\" src=\"https:\/\/lasainte.nl\/wp-content\/uploads\/2016\/12\/vinnoirroodschaduw.png\" alt=\"vinnoirroodschaduw\" width=\"280\" height=\"194\" srcset=\"https:\/\/lasainte.nl\/wp-content\/uploads\/2016\/12\/vinnoirroodschaduw.png 280w, https:\/\/lasainte.nl\/wp-content\/uploads\/2016\/12\/vinnoirroodschaduw-45x31.png 45w, https:\/\/lasainte.nl\/wp-content\/uploads\/2016\/12\/vinnoirroodschaduw-144x100.png 144w\" sizes=\"auto, (max-width: 280px) 100vw, 280px\" \/><\/p>\n<p>El &#8216;Vin Noir&#8217; (vino negro) es un orgullo de Lot. Al oeste de Cahors, en el valle de Lot, se produce este vino con cari\u00f1o y dedicaci\u00f3n. La cata de vinos es posible en diferentes castillos en los vi\u00f1edos, tan comunes de la regi\u00f3n. Le espera una c\u00e1lida bienvenida.<\/p>\n<p>En el restaurante al aire libre frente a La Sainte, cada noche de viernes es noche de \u00abMoules-Frites\u00bb, mejillones con papas fritas.<\/p>\n<p>Encantadora comida y muy acogedor, \u00a1realmente lo recomendamos!<\/p>\n<p>Cerca de Frayssinet-le-G\u00e9lat se pueden encontrar buenos restaurantes.<\/p>\n","protected":false},"excerpt":{"rendered":"<p>La gastronom\u00eda en el Lot es excelente y muy diversa. Los platos Los amantes del bien conocido \u00abFoie Gras\u00bb pueden comer a sus anchas aqu\u00ed. Pato, \u00able Canard\u00bb, es una especialidad regional con platillos como \u00abG\u00e9siers\u00bb, \u00abConfit de Canard\u00bb y \u00abMagr\u00e8t de Canard\u00bb. El queso de cabra, \u00able Cab\u00e9cou\u00bb, puede encontrarse en todo tipo de [&hellip;] <a href=\"https:\/\/lasainte.nl\/es\/la-bouriane\/la-cocina-francesa\/\" class=\"page_readmore\">Lees verder&nbsp;&raquo;<\/a><\/p>\n","protected":false},"author":1,"featured_media":0,"parent":670,"menu_order":1,"comment_status":"closed","ping_status":"closed","template":"","meta":{"slim_seo":{"title":"La cocina francesa - La Sainte","description":"La gastronom\u00eda en el Lot es excelente y muy diversa. Los platos Los amantes del bien conocido \"Foie Gras\" pueden comer a sus anchas aqu\u00ed. Pato, \"le Canard\", es"},"footnotes":""},"class_list":["post-682","page","type-page","status-publish","hentry"],"yoast_head":"<!-- This site is optimized with the Yoast SEO plugin v20.5 - https:\/\/yoast.com\/wordpress\/plugins\/seo\/ -->\n<title>La cocina francesa - La Sainte<\/title>\n<meta name=\"robots\" content=\"index, follow, max-snippet:-1, max-image-preview:large, max-video-preview:-1\" \/>\n<link rel=\"canonical\" href=\"https:\/\/lasainte.nl\/es\/la-bouriane\/la-cocina-francesa\/\" \/>\n<meta property=\"og:locale\" content=\"es_ES\" \/>\n<meta property=\"og:type\" content=\"article\" \/>\n<meta property=\"og:title\" content=\"La cocina francesa - La Sainte\" \/>\n<meta property=\"og:description\" content=\"La gastronom\u00eda en el Lot es excelente y muy diversa. Los platos Los amantes del bien conocido \u00abFoie Gras\u00bb pueden comer a sus anchas aqu\u00ed. Pato, \u00able Canard\u00bb, es una especialidad regional con platillos como \u00abG\u00e9siers\u00bb, \u00abConfit de Canard\u00bb y \u00abMagr\u00e8t de Canard\u00bb. El queso de cabra, \u00able Cab\u00e9cou\u00bb, puede encontrarse en todo tipo de [&hellip;]\" \/>\n<meta property=\"og:url\" content=\"https:\/\/lasainte.nl\/es\/la-bouriane\/la-cocina-francesa\/\" \/>\n<meta property=\"og:site_name\" content=\"La Sainte\" \/>\n<meta property=\"article:modified_time\" content=\"2016-12-21T14:44:53+00:00\" \/>\n<meta property=\"og:image\" content=\"https:\/\/lasainte.nl\/wp-content\/uploads\/2016\/12\/salade_gourmande_au_foie_grasroodschaduw.png\" \/>\n<meta name=\"twitter:label1\" content=\"Tiempo de lectura\" \/>\n\t<meta name=\"twitter:data1\" content=\"1 minuto\" \/>\n<script type=\"application\/ld+json\" class=\"yoast-schema-graph\">{\"@context\":\"https:\/\/schema.org\",\"@graph\":[{\"@type\":\"WebPage\",\"@id\":\"https:\/\/lasainte.nl\/es\/wp-json\/wp\/v2\/pages\/682\/#webpage\",\"url\":\"https:\/\/lasainte.nl\/es\/wp-json\/wp\/v2\/pages\/682\/\",\"name\":\"La Sainte\",\"isPartOf\":{\"@id\":\"https:\/\/lasainte.nl\/es\/#website\"},\"datePublished\":\"2016-12-12T13:00:22+00:00\",\"dateModified\":\"2016-12-21T14:44:53+00:00\",\"breadcrumb\":{\"@id\":\"https:\/\/lasainte.nl\/es\/wp-json\/wp\/v2\/pages\/682\/#breadcrumblist\"},\"inLanguage\":\"es_ES\",\"potentialAction\":[{\"@type\":\"ReadAction\",\"target\":[\"https:\/\/lasainte.nl\/es\/la-bouriane\/la-cocina-francesa\/\"]}],\"publisher\":{\"@id\":\"https:\/\/lasainte.nl\/es\/#organization\"}},{\"@type\":\"BreadcrumbList\",\"@id\":\"https:\/\/lasainte.nl\/es\/wp-json\/wp\/v2\/pages\/682\/#breadcrumblist\",\"itemListElement\":[{\"@type\":\"ListItem\",\"position\":\"1\",\"name\":\"Inicio\",\"item\":\"https:\/\/lasainte.nl\/es\/\"},{\"@type\":\"ListItem\",\"position\":2,\"name\":\"La Bouriane\",\"item\":\"https:\/\/lasainte.nl\/es\/la-bouriane\/\"},{\"@type\":\"ListItem\",\"position\":3,\"name\":\"La cocina francesa\"}],\"name\":\"Breadcrumbs\"},{\"@type\":\"WebSite\",\"@id\":\"https:\/\/lasainte.nl\/es\/#website\",\"url\":\"https:\/\/lasainte.nl\/es\/\",\"name\":\"La Sainte\",\"description\":\"\",\"potentialAction\":{\"@id\":\"https:\/\/lasainte.nl\/es\/#searchaction\"},\"inLanguage\":\"es\",\"publisher\":{\"@id\":\"https:\/\/lasainte.nl\/es\/#organization\"}},{\"@type\":\"SearchAction\",\"@id\":\"https:\/\/lasainte.nl\/es\/#searchaction\",\"target\":\"https:\/\/lasainte.nl\/?s={search_term_string}\",\"query-input\":\"required name=search_term_string\"},{\"@type\":\"Organization\",\"@id\":\"https:\/\/lasainte.nl\/es\/#organization\",\"name\":\"La Sainte\",\"url\":\"https:\/\/lasainte.nl\/es\/\"}]}<\/script>\n<!-- \/ Yoast SEO plugin. -->","yoast_head_json":{"title":"La cocina francesa - La Sainte","robots":{"index":"index","follow":"follow","max-snippet":"max-snippet:-1","max-image-preview":"max-image-preview:large","max-video-preview":"max-video-preview:-1"},"canonical":"https:\/\/lasainte.nl\/es\/la-bouriane\/la-cocina-francesa\/","og_locale":"es_ES","og_type":"article","og_title":"La cocina francesa - La Sainte","og_description":"La gastronom\u00eda en el Lot es excelente y muy diversa. Los platos Los amantes del bien conocido \u00abFoie Gras\u00bb pueden comer a sus anchas aqu\u00ed. Pato, \u00able Canard\u00bb, es una especialidad regional con platillos como \u00abG\u00e9siers\u00bb, \u00abConfit de Canard\u00bb y \u00abMagr\u00e8t de Canard\u00bb. El queso de cabra, \u00able Cab\u00e9cou\u00bb, puede encontrarse en todo tipo de [&hellip;]","og_url":"https:\/\/lasainte.nl\/es\/la-bouriane\/la-cocina-francesa\/","og_site_name":"La Sainte","article_modified_time":"2016-12-21T14:44:53+00:00","og_image":[{"url":"https:\/\/lasainte.nl\/wp-content\/uploads\/2016\/12\/salade_gourmande_au_foie_grasroodschaduw.png"}],"twitter_misc":{"Tiempo de lectura":"1 minuto"},"schema":{"@context":"https:\/\/schema.org","@graph":[{"@type":"WebPage","@id":"https:\/\/lasainte.nl\/es\/wp-json\/wp\/v2\/pages\/682\/#webpage","url":"https:\/\/lasainte.nl\/es\/wp-json\/wp\/v2\/pages\/682\/","name":"La Sainte","isPartOf":{"@id":"https:\/\/lasainte.nl\/es\/#website"},"datePublished":"2016-12-12T13:00:22+00:00","dateModified":"2016-12-21T14:44:53+00:00","breadcrumb":{"@id":"https:\/\/lasainte.nl\/es\/wp-json\/wp\/v2\/pages\/682\/#breadcrumblist"},"inLanguage":"es_ES","potentialAction":[{"@type":"ReadAction","target":["https:\/\/lasainte.nl\/es\/la-bouriane\/la-cocina-francesa\/"]}],"publisher":{"@id":"https:\/\/lasainte.nl\/es\/#organization"}},{"@type":"BreadcrumbList","@id":"https:\/\/lasainte.nl\/es\/wp-json\/wp\/v2\/pages\/682\/#breadcrumblist","itemListElement":[{"@type":"ListItem","position":"1","name":"Inicio","item":"https:\/\/lasainte.nl\/es\/"},{"@type":"ListItem","position":2,"name":"La Bouriane","item":"https:\/\/lasainte.nl\/es\/la-bouriane\/"},{"@type":"ListItem","position":3,"name":"La cocina francesa"}],"name":"Breadcrumbs"},{"@type":"WebSite","@id":"https:\/\/lasainte.nl\/es\/#website","url":"https:\/\/lasainte.nl\/es\/","name":"La Sainte","description":"","potentialAction":{"@id":"https:\/\/lasainte.nl\/es\/#searchaction"},"inLanguage":"es","publisher":{"@id":"https:\/\/lasainte.nl\/es\/#organization"}},{"@type":"SearchAction","@id":"https:\/\/lasainte.nl\/es\/#searchaction","target":"https:\/\/lasainte.nl\/?s={search_term_string}","query-input":"required name=search_term_string"},{"@type":"Organization","@id":"https:\/\/lasainte.nl\/es\/#organization","name":"La Sainte","url":"https:\/\/lasainte.nl\/es\/"}]}},"_links":{"self":[{"href":"https:\/\/lasainte.nl\/es\/wp-json\/wp\/v2\/pages\/682","targetHints":{"allow":["GET"]}}],"collection":[{"href":"https:\/\/lasainte.nl\/es\/wp-json\/wp\/v2\/pages"}],"about":[{"href":"https:\/\/lasainte.nl\/es\/wp-json\/wp\/v2\/types\/page"}],"author":[{"embeddable":true,"href":"https:\/\/lasainte.nl\/es\/wp-json\/wp\/v2\/users\/1"}],"replies":[{"embeddable":true,"href":"https:\/\/lasainte.nl\/es\/wp-json\/wp\/v2\/comments?post=682"}],"version-history":[{"count":1,"href":"https:\/\/lasainte.nl\/es\/wp-json\/wp\/v2\/pages\/682\/revisions"}],"predecessor-version":[{"id":739,"href":"https:\/\/lasainte.nl\/es\/wp-json\/wp\/v2\/pages\/682\/revisions\/739"}],"up":[{"embeddable":true,"href":"https:\/\/lasainte.nl\/es\/wp-json\/wp\/v2\/pages\/670"}],"wp:attachment":[{"href":"https:\/\/lasainte.nl\/es\/wp-json\/wp\/v2\/media?parent=682"}],"curies":[{"name":"wp","href":"https:\/\/api.w.org\/{rel}","templated":true}]}}