{"id":679,"date":"2016-11-08T14:21:38","date_gmt":"2016-11-08T13:21:38","guid":{"rendered":"https:\/\/lasainte.nl\/home\/"},"modified":"2017-01-04T15:41:12","modified_gmt":"2017-01-04T14:41:12","slug":"home","status":"publish","type":"page","link":"https:\/\/lasainte.nl\/es\/","title":{"rendered":"\u00a1Bienvenidos a La Sainte!"},"content":{"rendered":"<p><img loading=\"lazy\" decoding=\"async\" class=\"size-full wp-image-305 alignright\" src=\"https:\/\/lasainte.nl\/wp-content\/uploads\/2016\/11\/gite-voorzijde-court.png\" alt=\"gite-voorzijde-court\" width=\"248\" height=\"194\" srcset=\"https:\/\/lasainte.nl\/wp-content\/uploads\/2016\/11\/gite-voorzijde-court.png 248w, https:\/\/lasainte.nl\/wp-content\/uploads\/2016\/11\/gite-voorzijde-court-45x35.png 45w, https:\/\/lasainte.nl\/wp-content\/uploads\/2016\/11\/gite-voorzijde-court-128x100.png 128w\" sizes=\"auto, (max-width: 248px) 100vw, 248px\" \/><\/p>\n<p>Al sur de la bella reserva natural La Bouriane en el departamento de Lot se encuentra, rodeada por viejos robles sobre una colina arboreada, la \u00abmanoir\u00bb La Sainte, una casa de campo caracter\u00edstica de 1802.<\/p>\n<p>Cerca de la \u00abmanoir\u00bb est\u00e1 la g\u00eete La Sentinelle, un lugar hermoso para disfrutar unas maravillosas vacaciones.<\/p>\n<p>Con una corta caminata es posible llegar al poblado Frayssinet-Le-G\u00e9lat, con su templo medieval, la panader\u00eda tradicional Au Soleil d&#8217;Oc (la mejor de la regi\u00f3n), el minimercado Vival, el restaurante Caf\u00e9 Bourian y el bar Le Relais.<\/p>\n<p>Uno puede nadar en el lago recreativo local, Plan d&#8217;Eau, del otro lado de La sainte. Tambi\u00e9n se puede pescar (require permiso) o pasar un rato en su costa.<br \/>\nLa agradable terraza cercana sirve comida diariamente durante el verano.<\/p>\n<p>En corto: \u00a1un maravilloso punto de partida para sus vacaciones!<\/p>\n","protected":false},"excerpt":{"rendered":"<p>Al sur de la bella reserva natural La Bouriane en el departamento de Lot se encuentra, rodeada por viejos robles sobre una colina arboreada, la \u00abmanoir\u00bb La Sainte, una casa de campo caracter\u00edstica de 1802. Cerca de la \u00abmanoir\u00bb est\u00e1 la g\u00eete La Sentinelle, un lugar hermoso para disfrutar unas maravillosas vacaciones. Con una corta [&hellip;] <a href=\"https:\/\/lasainte.nl\/es\/\" class=\"page_readmore\">Lees verder&nbsp;&raquo;<\/a><\/p>\n","protected":false},"author":1,"featured_media":0,"parent":0,"menu_order":9,"comment_status":"closed","ping_status":"closed","template":"","meta":{"slim_seo":{"title":"La Sainte","description":"Al sur de la bella reserva natural La Bouriane en el departamento de Lot se encuentra, rodeada por viejos robles sobre una colina arboreada, la \"manoir\" La Sain"},"footnotes":""},"class_list":["post-679","page","type-page","status-publish","hentry"],"yoast_head":"<!-- This site is optimized with the Yoast SEO plugin v20.5 - https:\/\/yoast.com\/wordpress\/plugins\/seo\/ -->\n<title>\u00a1Bienvenidos a La Sainte! - La Sainte<\/title>\n<meta name=\"robots\" content=\"index, follow, max-snippet:-1, max-image-preview:large, max-video-preview:-1\" \/>\n<link rel=\"canonical\" href=\"https:\/\/lasainte.nl\/es\/\" \/>\n<meta property=\"og:locale\" content=\"es_ES\" \/>\n<meta property=\"og:type\" content=\"article\" \/>\n<meta property=\"og:title\" content=\"\u00a1Bienvenidos a La Sainte! - La Sainte\" \/>\n<meta property=\"og:description\" content=\"Al sur de la bella reserva natural La Bouriane en el departamento de Lot se encuentra, rodeada por viejos robles sobre una colina arboreada, la \u00abmanoir\u00bb La Sainte, una casa de campo caracter\u00edstica de 1802. Cerca de la \u00abmanoir\u00bb est\u00e1 la g\u00eete La Sentinelle, un lugar hermoso para disfrutar unas maravillosas vacaciones. Con una corta [&hellip;]\" \/>\n<meta property=\"og:url\" content=\"https:\/\/lasainte.nl\/es\/\" \/>\n<meta property=\"og:site_name\" content=\"La Sainte\" \/>\n<meta property=\"article:modified_time\" content=\"2017-01-04T14:41:12+00:00\" \/>\n<meta property=\"og:image\" content=\"https:\/\/lasainte.nl\/wp-content\/uploads\/2016\/11\/gite-voorzijde-court.png\" \/>\n<meta name=\"twitter:label1\" content=\"Tiempo de lectura\" \/>\n\t<meta name=\"twitter:data1\" content=\"1 minuto\" \/>\n<script type=\"application\/ld+json\" class=\"yoast-schema-graph\">{\"@context\":\"https:\/\/schema.org\",\"@graph\":[{\"@type\":\"WebPage\",\"@id\":\"https:\/\/lasainte.nl\/es\/wp-json\/wp\/v2\/pages\/679\/#webpage\",\"url\":\"https:\/\/lasainte.nl\/es\/wp-json\/wp\/v2\/pages\/679\/\",\"name\":\"La Sainte\",\"isPartOf\":{\"@id\":\"https:\/\/lasainte.nl\/es\/#website\"},\"datePublished\":\"2016-11-08T13:21:38+00:00\",\"dateModified\":\"2017-01-04T14:41:12+00:00\",\"breadcrumb\":{\"@id\":\"https:\/\/lasainte.nl\/es\/wp-json\/wp\/v2\/pages\/679\/#breadcrumblist\"},\"inLanguage\":\"es_ES\",\"potentialAction\":[{\"@type\":\"ReadAction\",\"target\":[\"https:\/\/lasainte.nl\/es\/\"]}],\"publisher\":{\"@id\":\"https:\/\/lasainte.nl\/es\/#organization\"}},{\"@type\":\"BreadcrumbList\",\"@id\":\"https:\/\/lasainte.nl\/es\/wp-json\/wp\/v2\/pages\/679\/#breadcrumblist\",\"itemListElement\":[{\"@type\":\"ListItem\",\"position\":\"1\",\"name\":\"Inicio\",\"item\":\"https:\/\/lasainte.nl\/es\/\"},{\"@type\":\"ListItem\",\"position\":2,\"name\":\"\u00a1Bienvenidos a La Sainte!\"}],\"name\":\"Breadcrumbs\"},{\"@type\":\"WebSite\",\"@id\":\"https:\/\/lasainte.nl\/es\/#website\",\"url\":\"https:\/\/lasainte.nl\/es\/\",\"name\":\"La Sainte\",\"description\":\"\",\"potentialAction\":{\"@id\":\"https:\/\/lasainte.nl\/es\/#searchaction\"},\"inLanguage\":\"es\",\"publisher\":{\"@id\":\"https:\/\/lasainte.nl\/es\/#organization\"}},{\"@type\":\"SearchAction\",\"@id\":\"https:\/\/lasainte.nl\/es\/#searchaction\",\"target\":\"https:\/\/lasainte.nl\/?s={search_term_string}\",\"query-input\":\"required name=search_term_string\"},{\"@type\":\"Organization\",\"@id\":\"https:\/\/lasainte.nl\/es\/#organization\",\"name\":\"La Sainte\",\"url\":\"https:\/\/lasainte.nl\/es\/\"}]}<\/script>\n<!-- \/ Yoast SEO plugin. -->","yoast_head_json":{"title":"\u00a1Bienvenidos a La Sainte! - La Sainte","robots":{"index":"index","follow":"follow","max-snippet":"max-snippet:-1","max-image-preview":"max-image-preview:large","max-video-preview":"max-video-preview:-1"},"canonical":"https:\/\/lasainte.nl\/es\/","og_locale":"es_ES","og_type":"article","og_title":"\u00a1Bienvenidos a La Sainte! - La Sainte","og_description":"Al sur de la bella reserva natural La Bouriane en el departamento de Lot se encuentra, rodeada por viejos robles sobre una colina arboreada, la \u00abmanoir\u00bb La Sainte, una casa de campo caracter\u00edstica de 1802. Cerca de la \u00abmanoir\u00bb est\u00e1 la g\u00eete La Sentinelle, un lugar hermoso para disfrutar unas maravillosas vacaciones. Con una corta [&hellip;]","og_url":"https:\/\/lasainte.nl\/es\/","og_site_name":"La Sainte","article_modified_time":"2017-01-04T14:41:12+00:00","og_image":[{"url":"https:\/\/lasainte.nl\/wp-content\/uploads\/2016\/11\/gite-voorzijde-court.png"}],"twitter_misc":{"Tiempo de lectura":"1 minuto"},"schema":{"@context":"https:\/\/schema.org","@graph":[{"@type":"WebPage","@id":"https:\/\/lasainte.nl\/es\/wp-json\/wp\/v2\/pages\/679\/#webpage","url":"https:\/\/lasainte.nl\/es\/wp-json\/wp\/v2\/pages\/679\/","name":"La Sainte","isPartOf":{"@id":"https:\/\/lasainte.nl\/es\/#website"},"datePublished":"2016-11-08T13:21:38+00:00","dateModified":"2017-01-04T14:41:12+00:00","breadcrumb":{"@id":"https:\/\/lasainte.nl\/es\/wp-json\/wp\/v2\/pages\/679\/#breadcrumblist"},"inLanguage":"es_ES","potentialAction":[{"@type":"ReadAction","target":["https:\/\/lasainte.nl\/es\/"]}],"publisher":{"@id":"https:\/\/lasainte.nl\/es\/#organization"}},{"@type":"BreadcrumbList","@id":"https:\/\/lasainte.nl\/es\/wp-json\/wp\/v2\/pages\/679\/#breadcrumblist","itemListElement":[{"@type":"ListItem","position":"1","name":"Inicio","item":"https:\/\/lasainte.nl\/es\/"},{"@type":"ListItem","position":2,"name":"\u00a1Bienvenidos a La Sainte!"}],"name":"Breadcrumbs"},{"@type":"WebSite","@id":"https:\/\/lasainte.nl\/es\/#website","url":"https:\/\/lasainte.nl\/es\/","name":"La Sainte","description":"","potentialAction":{"@id":"https:\/\/lasainte.nl\/es\/#searchaction"},"inLanguage":"es","publisher":{"@id":"https:\/\/lasainte.nl\/es\/#organization"}},{"@type":"SearchAction","@id":"https:\/\/lasainte.nl\/es\/#searchaction","target":"https:\/\/lasainte.nl\/?s={search_term_string}","query-input":"required name=search_term_string"},{"@type":"Organization","@id":"https:\/\/lasainte.nl\/es\/#organization","name":"La Sainte","url":"https:\/\/lasainte.nl\/es\/"}]}},"_links":{"self":[{"href":"https:\/\/lasainte.nl\/es\/wp-json\/wp\/v2\/pages\/679","targetHints":{"allow":["GET"]}}],"collection":[{"href":"https:\/\/lasainte.nl\/es\/wp-json\/wp\/v2\/pages"}],"about":[{"href":"https:\/\/lasainte.nl\/es\/wp-json\/wp\/v2\/types\/page"}],"author":[{"embeddable":true,"href":"https:\/\/lasainte.nl\/es\/wp-json\/wp\/v2\/users\/1"}],"replies":[{"embeddable":true,"href":"https:\/\/lasainte.nl\/es\/wp-json\/wp\/v2\/comments?post=679"}],"version-history":[{"count":2,"href":"https:\/\/lasainte.nl\/es\/wp-json\/wp\/v2\/pages\/679\/revisions"}],"predecessor-version":[{"id":695,"href":"https:\/\/lasainte.nl\/es\/wp-json\/wp\/v2\/pages\/679\/revisions\/695"}],"wp:attachment":[{"href":"https:\/\/lasainte.nl\/es\/wp-json\/wp\/v2\/media?parent=679"}],"curies":[{"name":"wp","href":"https:\/\/api.w.org\/{rel}","templated":true}]}}