{"id":670,"date":"2016-12-12T14:00:21","date_gmt":"2016-12-12T13:00:21","guid":{"rendered":"https:\/\/lasainte.nl\/la-bouriane\/"},"modified":"2016-12-21T15:33:52","modified_gmt":"2016-12-21T14:33:52","slug":"la-bouriane","status":"publish","type":"page","link":"https:\/\/lasainte.nl\/es\/la-bouriane\/","title":{"rendered":"La Bouriane"},"content":{"rendered":"<p>La Bouriane es una zona natural bonita y calmada en el departamento de Lot en la regi\u00f3n Midi-Pyr\u00e9n\u00e9es en Francia. Una zona rural que todav\u00eda es pr\u00edstina y aut\u00e9ntica. El tiempo parece haberse detenido ah\u00ed.<\/p>\n<p><img loading=\"lazy\" decoding=\"async\" class=\"alignright size-full wp-image-325\" src=\"https:\/\/lasainte.nl\/wp-content\/uploads\/2016\/12\/pigonnierroodschaduw.png\" alt=\"pigonnierroodschaduw\" width=\"280\" height=\"197\" srcset=\"https:\/\/lasainte.nl\/wp-content\/uploads\/2016\/12\/pigonnierroodschaduw.png 280w, https:\/\/lasainte.nl\/wp-content\/uploads\/2016\/12\/pigonnierroodschaduw-45x32.png 45w, https:\/\/lasainte.nl\/wp-content\/uploads\/2016\/12\/pigonnierroodschaduw-142x100.png 142w\" sizes=\"auto, (max-width: 280px) 100vw, 280px\" \/>La zona yace entre las rivieras de Lot y Dordogne y es una regi\u00f3n con muchas caracter\u00edsticas de Quercy y de P\u00e9rigord. Es monta\u00f1osa con bosques frondosos, jardines frutales, vi\u00f1edos, campos de cultivo y praderas.<\/p>\n<p>Un paisaje centenario para los muchos poblados, villas y caba\u00f1as, donde la gente es hospitalaria y amigable.<br \/>\nLa arquitectura de Quercy de las casas, usualmente con el caracter\u00edstico \u00abpig\u00e9onnier\u00bb (torre para palomas), se caracteriza por la piedra amarillo ocre que abunda en la regi\u00f3n<\/p>\n<p><img loading=\"lazy\" decoding=\"async\" class=\"alignleft size-medium wp-image-326\" src=\"https:\/\/lasainte.nl\/wp-content\/uploads\/2016\/12\/imgp0972-236x300.png\" alt=\"imgp0972\" width=\"236\" height=\"300\" srcset=\"https:\/\/lasainte.nl\/wp-content\/uploads\/2016\/12\/imgp0972-236x300.png 236w, https:\/\/lasainte.nl\/wp-content\/uploads\/2016\/12\/imgp0972-35x45.png 35w, https:\/\/lasainte.nl\/wp-content\/uploads\/2016\/12\/imgp0972-79x100.png 79w, https:\/\/lasainte.nl\/wp-content\/uploads\/2016\/12\/imgp0972.png 246w\" sizes=\"auto, (max-width: 236px) 100vw, 236px\" \/>Muros de piedra de esta piedra amarillo ocre muchas veces forman una barrera entre las praderas y bosques, y son muy antiguas. Las que en anta\u00f1o fueron caba\u00f1as de los pastores, conocidas como \u00abgariotte\u00bb o \u00abcazelle\u00bb, se pueden hallar por aqu\u00ed y por all\u00e1 en el paisaje.<\/p>\n<p>&nbsp;<\/p>\n<p>&nbsp;<\/p>\n<p>&nbsp;<\/p>\n<p>&nbsp;<\/p>\n<p><img loading=\"lazy\" decoding=\"async\" class=\"alignright size-full wp-image-327\" src=\"https:\/\/lasainte.nl\/wp-content\/uploads\/2016\/12\/ganzen.png\" alt=\"ganzen\" width=\"157\" height=\"197\" srcset=\"https:\/\/lasainte.nl\/wp-content\/uploads\/2016\/12\/ganzen.png 157w, https:\/\/lasainte.nl\/wp-content\/uploads\/2016\/12\/ganzen-36x45.png 36w, https:\/\/lasainte.nl\/wp-content\/uploads\/2016\/12\/ganzen-80x100.png 80w\" sizes=\"auto, (max-width: 157px) 100vw, 157px\" \/><\/p>\n<h2>El Clima<\/h2>\n<p>Al borde del \u00abCentral Massief\u00bb en la Francia del sur, uno nota el agradable clima inmediatamente. Inviernos cortos y suaves, y veranos largos y c\u00e1lidos con mucho sol, pero igualmente de temperaturas agradables en el oto\u00f1o y primavera, hacen de esta una regi\u00f3n agradable. Y durante la noche es oscuro, realmente oscuro, con un cielo estrellado como resultado.<\/p>\n<h2>El lugar<\/h2>\n<p><img loading=\"lazy\" decoding=\"async\" class=\"alignleft size-medium wp-image-328\" src=\"https:\/\/lasainte.nl\/wp-content\/uploads\/2016\/12\/vue-blaye-231x300.png\" alt=\"vue-blaye\" width=\"231\" height=\"300\" srcset=\"https:\/\/lasainte.nl\/wp-content\/uploads\/2016\/12\/vue-blaye-231x300.png 231w, https:\/\/lasainte.nl\/wp-content\/uploads\/2016\/12\/vue-blaye-35x45.png 35w, https:\/\/lasainte.nl\/wp-content\/uploads\/2016\/12\/vue-blaye-77x100.png 77w, https:\/\/lasainte.nl\/wp-content\/uploads\/2016\/12\/vue-blaye.png 280w\" sizes=\"auto, (max-width: 231px) 100vw, 231px\" \/>Quercy es un nombre conocido para nombrar a Lot. Es una palabra gala que significa \u00abgente que viven en la hermosa riviera\u00bb. La regi\u00f3n as\u00ed conocida  pasa en zigzag de este a oeste por el hermoso paisaje de la rivera de Lot. Hay muchas reliquias especiales de tiempos antiguos como diversas bastillas,  dolmenos y monolitos. Diversas rutas de paseo lo llevan a uno a a trav\u00e9s de  ellas. Incluso hay una carretera para ir por ah\u00ed.<\/p>\n<p><img loading=\"lazy\" decoding=\"async\" class=\"alignright size-full wp-image-329\" src=\"https:\/\/lasainte.nl\/wp-content\/uploads\/2016\/12\/causses-du-quercyroodschaduw.png\" alt=\"causses-du-quercyroodschaduw\" width=\"280\" height=\"280\" srcset=\"https:\/\/lasainte.nl\/wp-content\/uploads\/2016\/12\/causses-du-quercyroodschaduw.png 280w, https:\/\/lasainte.nl\/wp-content\/uploads\/2016\/12\/causses-du-quercyroodschaduw-150x150.png 150w, https:\/\/lasainte.nl\/wp-content\/uploads\/2016\/12\/causses-du-quercyroodschaduw-45x45.png 45w, https:\/\/lasainte.nl\/wp-content\/uploads\/2016\/12\/causses-du-quercyroodschaduw-100x100.png 100w\" sizes=\"auto, (max-width: 280px) 100vw, 280px\" \/>En el norte de Lot encuentra usted \u00abLes Causses\u00bb, mecetas de caliza, desde donde se pueden apreciar hermosos panoramas. El paisaje es \u00e1spero e inh\u00f3spito. El \u00abParc Naturel Regional des Causses du Quercy\u00bb es una regi\u00f3n natural muy amplia.<\/p>\n<p>La capital es Cahors, constru\u00edda sobre una curva de la riviera de Lot, rodeado por colinas rocosas.<\/p>\n","protected":false},"excerpt":{"rendered":"<p>La Bouriane es una zona natural bonita y calmada en el departamento de Lot en la regi\u00f3n Midi-Pyr\u00e9n\u00e9es en Francia. Una zona rural que todav\u00eda es pr\u00edstina y aut\u00e9ntica. El tiempo parece haberse detenido ah\u00ed. La zona yace entre las rivieras de Lot y Dordogne y es una regi\u00f3n con muchas caracter\u00edsticas de Quercy y [&hellip;] <a href=\"https:\/\/lasainte.nl\/es\/la-bouriane\/\" class=\"page_readmore\">Lees verder&nbsp;&raquo;<\/a><\/p>\n","protected":false},"author":1,"featured_media":0,"parent":0,"menu_order":2,"comment_status":"closed","ping_status":"closed","template":"","meta":{"slim_seo":{"title":"La Bouriane - La Sainte","description":"La Bouriane es una zona natural bonita y calmada en el departamento de Lot en la regi\u00f3n Midi-Pyr\u00e9n\u00e9es en Francia. Una zona rural que todav\u00eda es pr\u00edstina y aut\u00e9n"},"footnotes":""},"class_list":["post-670","page","type-page","status-publish","hentry"],"yoast_head":"<!-- This site is optimized with the Yoast SEO plugin v20.5 - https:\/\/yoast.com\/wordpress\/plugins\/seo\/ -->\n<title>La Bouriane - La Sainte<\/title>\n<meta name=\"robots\" content=\"index, follow, max-snippet:-1, max-image-preview:large, max-video-preview:-1\" \/>\n<link rel=\"canonical\" href=\"https:\/\/lasainte.nl\/es\/la-bouriane\/\" \/>\n<meta property=\"og:locale\" content=\"es_ES\" \/>\n<meta property=\"og:type\" content=\"article\" \/>\n<meta property=\"og:title\" content=\"La Bouriane - La Sainte\" \/>\n<meta property=\"og:description\" content=\"La Bouriane es una zona natural bonita y calmada en el departamento de Lot en la regi\u00f3n Midi-Pyr\u00e9n\u00e9es en Francia. Una zona rural que todav\u00eda es pr\u00edstina y aut\u00e9ntica. El tiempo parece haberse detenido ah\u00ed. La zona yace entre las rivieras de Lot y Dordogne y es una regi\u00f3n con muchas caracter\u00edsticas de Quercy y [&hellip;]\" \/>\n<meta property=\"og:url\" content=\"https:\/\/lasainte.nl\/es\/la-bouriane\/\" \/>\n<meta property=\"og:site_name\" content=\"La Sainte\" \/>\n<meta property=\"article:modified_time\" content=\"2016-12-21T14:33:52+00:00\" \/>\n<meta property=\"og:image\" content=\"https:\/\/lasainte.nl\/wp-content\/uploads\/2016\/12\/pigonnierroodschaduw.png\" \/>\n<meta name=\"twitter:label1\" content=\"Tiempo de lectura\" \/>\n\t<meta name=\"twitter:data1\" content=\"2 minutos\" \/>\n<script type=\"application\/ld+json\" class=\"yoast-schema-graph\">{\"@context\":\"https:\/\/schema.org\",\"@graph\":[{\"@type\":\"WebPage\",\"@id\":\"https:\/\/lasainte.nl\/es\/wp-json\/wp\/v2\/pages\/670\/#webpage\",\"url\":\"https:\/\/lasainte.nl\/es\/wp-json\/wp\/v2\/pages\/670\/\",\"name\":\"La Sainte\",\"isPartOf\":{\"@id\":\"https:\/\/lasainte.nl\/es\/#website\"},\"datePublished\":\"2016-12-12T13:00:21+00:00\",\"dateModified\":\"2016-12-21T14:33:52+00:00\",\"breadcrumb\":{\"@id\":\"https:\/\/lasainte.nl\/es\/wp-json\/wp\/v2\/pages\/670\/#breadcrumblist\"},\"inLanguage\":\"es_ES\",\"potentialAction\":[{\"@type\":\"ReadAction\",\"target\":[\"https:\/\/lasainte.nl\/es\/la-bouriane\/\"]}],\"publisher\":{\"@id\":\"https:\/\/lasainte.nl\/es\/#organization\"}},{\"@type\":\"BreadcrumbList\",\"@id\":\"https:\/\/lasainte.nl\/es\/wp-json\/wp\/v2\/pages\/670\/#breadcrumblist\",\"itemListElement\":[{\"@type\":\"ListItem\",\"position\":\"1\",\"name\":\"Inicio\",\"item\":\"https:\/\/lasainte.nl\/es\/\"},{\"@type\":\"ListItem\",\"position\":2,\"name\":\"La Bouriane\"}],\"name\":\"Breadcrumbs\"},{\"@type\":\"WebSite\",\"@id\":\"https:\/\/lasainte.nl\/es\/#website\",\"url\":\"https:\/\/lasainte.nl\/es\/\",\"name\":\"La Sainte\",\"description\":\"\",\"potentialAction\":{\"@id\":\"https:\/\/lasainte.nl\/es\/#searchaction\"},\"inLanguage\":\"es\",\"publisher\":{\"@id\":\"https:\/\/lasainte.nl\/es\/#organization\"}},{\"@type\":\"SearchAction\",\"@id\":\"https:\/\/lasainte.nl\/es\/#searchaction\",\"target\":\"https:\/\/lasainte.nl\/?s={search_term_string}\",\"query-input\":\"required name=search_term_string\"},{\"@type\":\"Organization\",\"@id\":\"https:\/\/lasainte.nl\/es\/#organization\",\"name\":\"La Sainte\",\"url\":\"https:\/\/lasainte.nl\/es\/\"}]}<\/script>\n<!-- \/ Yoast SEO plugin. -->","yoast_head_json":{"title":"La Bouriane - La Sainte","robots":{"index":"index","follow":"follow","max-snippet":"max-snippet:-1","max-image-preview":"max-image-preview:large","max-video-preview":"max-video-preview:-1"},"canonical":"https:\/\/lasainte.nl\/es\/la-bouriane\/","og_locale":"es_ES","og_type":"article","og_title":"La Bouriane - La Sainte","og_description":"La Bouriane es una zona natural bonita y calmada en el departamento de Lot en la regi\u00f3n Midi-Pyr\u00e9n\u00e9es en Francia. Una zona rural que todav\u00eda es pr\u00edstina y aut\u00e9ntica. El tiempo parece haberse detenido ah\u00ed. La zona yace entre las rivieras de Lot y Dordogne y es una regi\u00f3n con muchas caracter\u00edsticas de Quercy y [&hellip;]","og_url":"https:\/\/lasainte.nl\/es\/la-bouriane\/","og_site_name":"La Sainte","article_modified_time":"2016-12-21T14:33:52+00:00","og_image":[{"url":"https:\/\/lasainte.nl\/wp-content\/uploads\/2016\/12\/pigonnierroodschaduw.png"}],"twitter_misc":{"Tiempo de lectura":"2 minutos"},"schema":{"@context":"https:\/\/schema.org","@graph":[{"@type":"WebPage","@id":"https:\/\/lasainte.nl\/es\/wp-json\/wp\/v2\/pages\/670\/#webpage","url":"https:\/\/lasainte.nl\/es\/wp-json\/wp\/v2\/pages\/670\/","name":"La Sainte","isPartOf":{"@id":"https:\/\/lasainte.nl\/es\/#website"},"datePublished":"2016-12-12T13:00:21+00:00","dateModified":"2016-12-21T14:33:52+00:00","breadcrumb":{"@id":"https:\/\/lasainte.nl\/es\/wp-json\/wp\/v2\/pages\/670\/#breadcrumblist"},"inLanguage":"es_ES","potentialAction":[{"@type":"ReadAction","target":["https:\/\/lasainte.nl\/es\/la-bouriane\/"]}],"publisher":{"@id":"https:\/\/lasainte.nl\/es\/#organization"}},{"@type":"BreadcrumbList","@id":"https:\/\/lasainte.nl\/es\/wp-json\/wp\/v2\/pages\/670\/#breadcrumblist","itemListElement":[{"@type":"ListItem","position":"1","name":"Inicio","item":"https:\/\/lasainte.nl\/es\/"},{"@type":"ListItem","position":2,"name":"La Bouriane"}],"name":"Breadcrumbs"},{"@type":"WebSite","@id":"https:\/\/lasainte.nl\/es\/#website","url":"https:\/\/lasainte.nl\/es\/","name":"La Sainte","description":"","potentialAction":{"@id":"https:\/\/lasainte.nl\/es\/#searchaction"},"inLanguage":"es","publisher":{"@id":"https:\/\/lasainte.nl\/es\/#organization"}},{"@type":"SearchAction","@id":"https:\/\/lasainte.nl\/es\/#searchaction","target":"https:\/\/lasainte.nl\/?s={search_term_string}","query-input":"required name=search_term_string"},{"@type":"Organization","@id":"https:\/\/lasainte.nl\/es\/#organization","name":"La Sainte","url":"https:\/\/lasainte.nl\/es\/"}]}},"_links":{"self":[{"href":"https:\/\/lasainte.nl\/es\/wp-json\/wp\/v2\/pages\/670","targetHints":{"allow":["GET"]}}],"collection":[{"href":"https:\/\/lasainte.nl\/es\/wp-json\/wp\/v2\/pages"}],"about":[{"href":"https:\/\/lasainte.nl\/es\/wp-json\/wp\/v2\/types\/page"}],"author":[{"embeddable":true,"href":"https:\/\/lasainte.nl\/es\/wp-json\/wp\/v2\/users\/1"}],"replies":[{"embeddable":true,"href":"https:\/\/lasainte.nl\/es\/wp-json\/wp\/v2\/comments?post=670"}],"version-history":[{"count":5,"href":"https:\/\/lasainte.nl\/es\/wp-json\/wp\/v2\/pages\/670\/revisions"}],"predecessor-version":[{"id":729,"href":"https:\/\/lasainte.nl\/es\/wp-json\/wp\/v2\/pages\/670\/revisions\/729"}],"wp:attachment":[{"href":"https:\/\/lasainte.nl\/es\/wp-json\/wp\/v2\/media?parent=670"}],"curies":[{"name":"wp","href":"https:\/\/api.w.org\/{rel}","templated":true}]}}