{"id":690,"date":"2016-12-12T14:00:21","date_gmt":"2016-12-12T13:00:21","guid":{"rendered":"https:\/\/lasainte.nl\/la-bouriane\/bezienswaardigheden\/"},"modified":"2018-01-24T17:45:21","modified_gmt":"2018-01-24T16:45:21","slug":"places-to-go","status":"publish","type":"page","link":"https:\/\/lasainte.nl\/en\/la-bouriane\/places-to-go\/","title":{"rendered":"Places to go"},"content":{"rendered":"<p><img loading=\"lazy\" decoding=\"async\" class=\"alignright size-full wp-image-335\" src=\"https:\/\/lasainte.nl\/wp-content\/uploads\/2016\/12\/cahorsroodschaduw.png\" alt=\"cahorsroodschaduw\" width=\"248\" height=\"280\" srcset=\"https:\/\/lasainte.nl\/wp-content\/uploads\/2016\/12\/cahorsroodschaduw.png 248w, https:\/\/lasainte.nl\/wp-content\/uploads\/2016\/12\/cahorsroodschaduw-40x45.png 40w, https:\/\/lasainte.nl\/wp-content\/uploads\/2016\/12\/cahorsroodschaduw-89x100.png 89w\" sizes=\"auto, (max-width: 248px) 100vw, 248px\" \/><\/p>\n<p>Cahors, is built in a loop of the river and surrounded by rocky hills. With its well-known the Pont Valentr\u00e9, a medieval fortress bridge over the river Lot and its famous wine castles in the hart of the vineyards (wine tasting!), the town is most certainly worth a visit.<br \/>\nIn Cahors it is also nice to do some shopping.<br \/>\nIn the surroundings of Cahors are lots of villages en small town to be discovered. Prayssac, with is weekly market every Friday lays between the vineyards.<\/p>\n<p>&nbsp;<\/p>\n<p><img loading=\"lazy\" decoding=\"async\" class=\"alignleft size-full wp-image-336\" src=\"https:\/\/lasainte.nl\/wp-content\/uploads\/2016\/12\/puy-levequeroodschaduw.png\" alt=\"puy-levequeroodschaduw\" width=\"280\" height=\"218\" srcset=\"https:\/\/lasainte.nl\/wp-content\/uploads\/2016\/12\/puy-levequeroodschaduw.png 280w, https:\/\/lasainte.nl\/wp-content\/uploads\/2016\/12\/puy-levequeroodschaduw-45x35.png 45w, https:\/\/lasainte.nl\/wp-content\/uploads\/2016\/12\/puy-levequeroodschaduw-128x100.png 128w\" sizes=\"auto, (max-width: 280px) 100vw, 280px\" \/>Puy l\u2019Ev\u00eaque is a medieval town situated alongside the river Lot, is built against the rocks. The view on the Lot is magnificent.<\/p>\n<p>&nbsp;<\/p>\n<p>&nbsp;<\/p>\n<p>&nbsp;<\/p>\n<p><img loading=\"lazy\" decoding=\"async\" class=\"alignright size-full wp-image-337\" src=\"https:\/\/lasainte.nl\/wp-content\/uploads\/2016\/12\/muse-cazalsroodschaduw.png\" alt=\"muse-cazalsroodschaduw\" width=\"280\" height=\"197\" srcset=\"https:\/\/lasainte.nl\/wp-content\/uploads\/2016\/12\/muse-cazalsroodschaduw.png 280w, https:\/\/lasainte.nl\/wp-content\/uploads\/2016\/12\/muse-cazalsroodschaduw-45x32.png 45w, https:\/\/lasainte.nl\/wp-content\/uploads\/2016\/12\/muse-cazalsroodschaduw-142x100.png 142w\" sizes=\"auto, (max-width: 280px) 100vw, 280px\" \/><\/p>\n<p>Cazals, a beautiful village, with its market every Sunday morning, where many local products are to be sold, is only two steps away from Frayssinet-le-G\u00e9lat. Here you can also find the Mus\u00e9e de Vieilles M\u00e9caniques. A museum with lots of old agricultural machinery. This is certainly worth a visit.<\/p>\n<p>For those who love art have to visit the Mus\u00e9e Zadkine in Les Arques.<\/p>\n<p>If you like to visit a large city for shopping or discover culture, Toulouse is a good choice to spend a day out.<\/p>\n<p>&nbsp;<\/p>\n<p><img loading=\"lazy\" decoding=\"async\" class=\"alignleft size-full wp-image-338\" src=\"https:\/\/lasainte.nl\/wp-content\/uploads\/2016\/12\/sarlatroodschaduw.png\" alt=\"sarlatroodschaduw\" width=\"280\" height=\"198\" srcset=\"https:\/\/lasainte.nl\/wp-content\/uploads\/2016\/12\/sarlatroodschaduw.png 280w, https:\/\/lasainte.nl\/wp-content\/uploads\/2016\/12\/sarlatroodschaduw-45x32.png 45w, https:\/\/lasainte.nl\/wp-content\/uploads\/2016\/12\/sarlatroodschaduw-141x100.png 141w\" sizes=\"auto, (max-width: 280px) 100vw, 280px\" \/><img loading=\"lazy\" decoding=\"async\" class=\"alignright size-full wp-image-339\" src=\"https:\/\/lasainte.nl\/wp-content\/uploads\/2016\/12\/rocamadourroodschaduw.png\" alt=\"rocamadourroodschaduw\" width=\"280\" height=\"205\" srcset=\"https:\/\/lasainte.nl\/wp-content\/uploads\/2016\/12\/rocamadourroodschaduw.png 280w, https:\/\/lasainte.nl\/wp-content\/uploads\/2016\/12\/rocamadourroodschaduw-45x33.png 45w, https:\/\/lasainte.nl\/wp-content\/uploads\/2016\/12\/rocamadourroodschaduw-137x100.png 137w\" sizes=\"auto, (max-width: 280px) 100vw, 280px\" \/>Within a radius of about 50 km there\u2019s a lot to been seen and done. Well-known and interesting places are for instance Sarlat, Rocamadour, St. Cirq Lapopie et Domme..<\/p>\n<p>&nbsp;<\/p>\n<p>&nbsp;<\/p>\n<p>In the region there are several different castles to visit: Ch\u00e2teau de Bonaguil, Ch\u00e2teau de Milandes (de Josephine Baker), Ch\u00e2teau Castelnau and Ch\u00e2teau de Beynac et Cenac.<\/p>\n<p>The nature varies a lot. There are several caves which are worth a visit, like le Gouffre de Padirac. This is a cave with an underground river.<\/p>\n<h2>Recreation<\/h2>\n<p><img loading=\"lazy\" decoding=\"async\" class=\"alignleft size-full wp-image-340\" src=\"https:\/\/lasainte.nl\/wp-content\/uploads\/2016\/12\/plan-deau-cazalsroodschaduw.png\" alt=\"plan-deau-cazalsroodschaduw\" width=\"280\" height=\"217\" srcset=\"https:\/\/lasainte.nl\/wp-content\/uploads\/2016\/12\/plan-deau-cazalsroodschaduw.png 280w, https:\/\/lasainte.nl\/wp-content\/uploads\/2016\/12\/plan-deau-cazalsroodschaduw-45x35.png 45w, https:\/\/lasainte.nl\/wp-content\/uploads\/2016\/12\/plan-deau-cazalsroodschaduw-129x100.png 129w\" sizes=\"auto, (max-width: 280px) 100vw, 280px\" \/><img loading=\"lazy\" decoding=\"async\" class=\"alignright size-full wp-image-341\" src=\"https:\/\/lasainte.nl\/wp-content\/uploads\/2016\/12\/kanoroodschaduw.png\" alt=\"kanoroodschaduw\" width=\"280\" height=\"217\" srcset=\"https:\/\/lasainte.nl\/wp-content\/uploads\/2016\/12\/kanoroodschaduw.png 280w, https:\/\/lasainte.nl\/wp-content\/uploads\/2016\/12\/kanoroodschaduw-45x35.png 45w, https:\/\/lasainte.nl\/wp-content\/uploads\/2016\/12\/kanoroodschaduw-129x100.png 129w\" sizes=\"auto, (max-width: 280px) 100vw, 280px\" \/>Canoeing and kayaking can be done on the rivers <a href=\"http:\/\/www.campingfloiras.com\/downloads\/kayak.pdf\" target=\"_blank\" rel=\"noopener noreferrer\">Lot<\/a> and Dordogne. The fishermen among you can indulge  their passion in the rivers and the various lakes in the area. A fishing permit is required and can be bought at the Presse, the local book and newspaper store.<\/p>\n<p>&nbsp;<\/p>\n<p>&nbsp;<\/p>\n<p>There are a lot of trails, the so called GR, or Grandes Randonn\u00e9es, to walk or to cycle, in the region. The famous pilgrims walking trail to Santiago de Compostella, the GR652, crosses right through Frayssinet-le-G\u00e9lat!<br \/>\nAlso in the surroundings are lots of possibilities for horseback riding.<\/p>\n<p>If you like to play golf, near Belv\u00e8s (about 25 km), you find 2 golf courses (18 en 9 holes). Another 9-holes golf course can be found in the nearby village St. Martin-le-Redon.<\/p>\n","protected":false},"excerpt":{"rendered":"<p>Cahors, is built in a loop of the river and surrounded by rocky hills. With its well-known the Pont Valentr\u00e9, a medieval fortress bridge over the river Lot and its famous wine castles in the hart of the vineyards (wine tasting!), the town is most certainly worth a visit. In Cahors it is also nice [&hellip;] <a href=\"https:\/\/lasainte.nl\/en\/la-bouriane\/places-to-go\/\" class=\"page_readmore\">Lees verder&nbsp;&raquo;<\/a><\/p>\n","protected":false},"author":1,"featured_media":0,"parent":668,"menu_order":0,"comment_status":"closed","ping_status":"closed","template":"","meta":{"slim_seo":{"title":"Places to go - La Sainte","description":"Cahors, is built in a loop of the river and surrounded by rocky hills. With its well-known the Pont Valentr\u00e9, a medieval fortress bridge over the river Lot and"},"footnotes":""},"class_list":["post-690","page","type-page","status-publish","hentry"],"yoast_head":"<!-- This site is optimized with the Yoast SEO plugin v20.5 - https:\/\/yoast.com\/wordpress\/plugins\/seo\/ -->\n<title>Places to go - La Sainte<\/title>\n<meta name=\"robots\" content=\"index, follow, max-snippet:-1, max-image-preview:large, max-video-preview:-1\" \/>\n<link rel=\"canonical\" href=\"https:\/\/lasainte.nl\/en\/la-bouriane\/places-to-go\/\" \/>\n<meta property=\"og:locale\" content=\"en_US\" \/>\n<meta property=\"og:type\" content=\"article\" \/>\n<meta property=\"og:title\" content=\"Places to go - La Sainte\" \/>\n<meta property=\"og:description\" content=\"Cahors, is built in a loop of the river and surrounded by rocky hills. With its well-known the Pont Valentr\u00e9, a medieval fortress bridge over the river Lot and its famous wine castles in the hart of the vineyards (wine tasting!), the town is most certainly worth a visit. In Cahors it is also nice [&hellip;]\" \/>\n<meta property=\"og:url\" content=\"https:\/\/lasainte.nl\/en\/la-bouriane\/places-to-go\/\" \/>\n<meta property=\"og:site_name\" content=\"La Sainte\" \/>\n<meta property=\"article:modified_time\" content=\"2018-01-24T16:45:21+00:00\" \/>\n<meta property=\"og:image\" content=\"https:\/\/lasainte.nl\/wp-content\/uploads\/2016\/12\/cahorsroodschaduw.png\" \/>\n<meta name=\"twitter:label1\" content=\"Est. reading time\" \/>\n\t<meta name=\"twitter:data1\" content=\"2 minutes\" \/>\n<script type=\"application\/ld+json\" class=\"yoast-schema-graph\">{\"@context\":\"https:\/\/schema.org\",\"@graph\":[{\"@type\":\"WebPage\",\"@id\":\"https:\/\/lasainte.nl\/en\/wp-json\/wp\/v2\/pages\/690\/#webpage\",\"url\":\"https:\/\/lasainte.nl\/en\/wp-json\/wp\/v2\/pages\/690\/\",\"name\":\"La Sainte\",\"isPartOf\":{\"@id\":\"https:\/\/lasainte.nl\/en\/#website\"},\"datePublished\":\"2016-12-12T13:00:21+00:00\",\"dateModified\":\"2018-01-24T16:45:21+00:00\",\"breadcrumb\":{\"@id\":\"https:\/\/lasainte.nl\/en\/wp-json\/wp\/v2\/pages\/690\/#breadcrumblist\"},\"inLanguage\":\"en_US\",\"potentialAction\":[{\"@type\":\"ReadAction\",\"target\":[\"https:\/\/lasainte.nl\/en\/la-bouriane\/places-to-go\/\"]}],\"publisher\":{\"@id\":\"https:\/\/lasainte.nl\/en\/#organization\"}},{\"@type\":\"BreadcrumbList\",\"@id\":\"https:\/\/lasainte.nl\/en\/wp-json\/wp\/v2\/pages\/690\/#breadcrumblist\",\"itemListElement\":[{\"@type\":\"ListItem\",\"position\":\"1\",\"name\":\"Home\",\"item\":\"https:\/\/lasainte.nl\/en\/\"},{\"@type\":\"ListItem\",\"position\":2,\"name\":\"La Bouriane\",\"item\":\"https:\/\/lasainte.nl\/en\/la-bouriane\/\"},{\"@type\":\"ListItem\",\"position\":3,\"name\":\"Places to go\"}],\"name\":\"Breadcrumbs\"},{\"@type\":\"WebSite\",\"@id\":\"https:\/\/lasainte.nl\/en\/#website\",\"url\":\"https:\/\/lasainte.nl\/en\/\",\"name\":\"La Sainte\",\"description\":\"\",\"potentialAction\":{\"@id\":\"https:\/\/lasainte.nl\/en\/#searchaction\"},\"inLanguage\":\"en-US\",\"publisher\":{\"@id\":\"https:\/\/lasainte.nl\/en\/#organization\"}},{\"@type\":\"SearchAction\",\"@id\":\"https:\/\/lasainte.nl\/en\/#searchaction\",\"target\":\"https:\/\/lasainte.nl\/?s={search_term_string}\",\"query-input\":\"required name=search_term_string\"},{\"@type\":\"Organization\",\"@id\":\"https:\/\/lasainte.nl\/en\/#organization\",\"name\":\"La Sainte\",\"url\":\"https:\/\/lasainte.nl\/en\/\"}]}<\/script>\n<!-- \/ Yoast SEO plugin. -->","yoast_head_json":{"title":"Places to go - La Sainte","robots":{"index":"index","follow":"follow","max-snippet":"max-snippet:-1","max-image-preview":"max-image-preview:large","max-video-preview":"max-video-preview:-1"},"canonical":"https:\/\/lasainte.nl\/en\/la-bouriane\/places-to-go\/","og_locale":"en_US","og_type":"article","og_title":"Places to go - La Sainte","og_description":"Cahors, is built in a loop of the river and surrounded by rocky hills. With its well-known the Pont Valentr\u00e9, a medieval fortress bridge over the river Lot and its famous wine castles in the hart of the vineyards (wine tasting!), the town is most certainly worth a visit. In Cahors it is also nice [&hellip;]","og_url":"https:\/\/lasainte.nl\/en\/la-bouriane\/places-to-go\/","og_site_name":"La Sainte","article_modified_time":"2018-01-24T16:45:21+00:00","og_image":[{"url":"https:\/\/lasainte.nl\/wp-content\/uploads\/2016\/12\/cahorsroodschaduw.png"}],"twitter_misc":{"Est. reading time":"2 minutes"},"schema":{"@context":"https:\/\/schema.org","@graph":[{"@type":"WebPage","@id":"https:\/\/lasainte.nl\/en\/wp-json\/wp\/v2\/pages\/690\/#webpage","url":"https:\/\/lasainte.nl\/en\/wp-json\/wp\/v2\/pages\/690\/","name":"La Sainte","isPartOf":{"@id":"https:\/\/lasainte.nl\/en\/#website"},"datePublished":"2016-12-12T13:00:21+00:00","dateModified":"2018-01-24T16:45:21+00:00","breadcrumb":{"@id":"https:\/\/lasainte.nl\/en\/wp-json\/wp\/v2\/pages\/690\/#breadcrumblist"},"inLanguage":"en_US","potentialAction":[{"@type":"ReadAction","target":["https:\/\/lasainte.nl\/en\/la-bouriane\/places-to-go\/"]}],"publisher":{"@id":"https:\/\/lasainte.nl\/en\/#organization"}},{"@type":"BreadcrumbList","@id":"https:\/\/lasainte.nl\/en\/wp-json\/wp\/v2\/pages\/690\/#breadcrumblist","itemListElement":[{"@type":"ListItem","position":"1","name":"Home","item":"https:\/\/lasainte.nl\/en\/"},{"@type":"ListItem","position":2,"name":"La Bouriane","item":"https:\/\/lasainte.nl\/en\/la-bouriane\/"},{"@type":"ListItem","position":3,"name":"Places to go"}],"name":"Breadcrumbs"},{"@type":"WebSite","@id":"https:\/\/lasainte.nl\/en\/#website","url":"https:\/\/lasainte.nl\/en\/","name":"La Sainte","description":"","potentialAction":{"@id":"https:\/\/lasainte.nl\/en\/#searchaction"},"inLanguage":"en-US","publisher":{"@id":"https:\/\/lasainte.nl\/en\/#organization"}},{"@type":"SearchAction","@id":"https:\/\/lasainte.nl\/en\/#searchaction","target":"https:\/\/lasainte.nl\/?s={search_term_string}","query-input":"required name=search_term_string"},{"@type":"Organization","@id":"https:\/\/lasainte.nl\/en\/#organization","name":"La Sainte","url":"https:\/\/lasainte.nl\/en\/"}]}},"_links":{"self":[{"href":"https:\/\/lasainte.nl\/en\/wp-json\/wp\/v2\/pages\/690","targetHints":{"allow":["GET"]}}],"collection":[{"href":"https:\/\/lasainte.nl\/en\/wp-json\/wp\/v2\/pages"}],"about":[{"href":"https:\/\/lasainte.nl\/en\/wp-json\/wp\/v2\/types\/page"}],"author":[{"embeddable":true,"href":"https:\/\/lasainte.nl\/en\/wp-json\/wp\/v2\/users\/1"}],"replies":[{"embeddable":true,"href":"https:\/\/lasainte.nl\/en\/wp-json\/wp\/v2\/comments?post=690"}],"version-history":[{"count":3,"href":"https:\/\/lasainte.nl\/en\/wp-json\/wp\/v2\/pages\/690\/revisions"}],"predecessor-version":[{"id":1247,"href":"https:\/\/lasainte.nl\/en\/wp-json\/wp\/v2\/pages\/690\/revisions\/1247"}],"up":[{"embeddable":true,"href":"https:\/\/lasainte.nl\/en\/wp-json\/wp\/v2\/pages\/668"}],"wp:attachment":[{"href":"https:\/\/lasainte.nl\/en\/wp-json\/wp\/v2\/media?parent=690"}],"curies":[{"name":"wp","href":"https:\/\/api.w.org\/{rel}","templated":true}]}}